{"id":764,"date":"2026-03-07T08:42:12","date_gmt":"2026-03-07T08:42:12","guid":{"rendered":"https:\/\/mvc-carebridge.de\/about-2\/"},"modified":"2026-03-07T08:42:54","modified_gmt":"2026-03-07T08:42:54","slug":"about-2","status":"publish","type":"page","link":"https:\/\/mvc-carebridge.de\/en\/about-2\/","title":{"rendered":"About"},"content":{"rendered":"<div class=\"wp-block-uagb-container uagb-layout-grid uagb-block-60f464b0 alignfull uagb-is-root-container\"><div class=\"uagb-container-inner-blocks-wrap\">      \n\t\t\t<div class=\"uagb-icon-wrapper uagb-block-337c2941\"\n\t\t\tstyle=\"\" >\n\t\t\t\t\t\t\t\t\t<span class=\"uagb-svg-wrapper\" \n\t\t\t\t\t aria-label=\"chevron-down\"\t\t\t\t\ttabindex=\"0\">\t\t\n\t\t\t\t\t\t\t\t\t\t<svg xmlns=\"https:\/\/www.w3.org\/2000\/svg\" viewbox= \"0 0 448 512\" role=\"graphics-symbol\" aria-hidden=\"false\" aria-label=\"\"><path d=\"M224 416c-8.188 0-16.38-3.125-22.62-9.375l-192-192c-12.5-12.5-12.5-32.75 0-45.25s32.75-12.5 45.25 0L224 338.8l169.4-169.4c12.5-12.5 32.75-12.5 45.25 0s12.5 32.75 0 45.25l-192 192C240.4 412.9 232.2 416 224 416z\"><\/path><\/svg>\n\t\t\t\t\t\t\t\t\t<\/span>\n\t\t\t\t\t\t\t<\/div>\n\t\t\t\n\n\n<div class=\"wp-block-uagb-image uagb-block-58752c0c wp-block-uagb-image--layout-default wp-block-uagb-image--effect-static wp-block-uagb-image--align-none\"><figure class=\"wp-block-uagb-image__figure\"><img decoding=\"async\" srcset=\"https:\/\/mvc-carebridge.de\/wp-content\/uploads\/2026\/03\/pexels-photo-6129657.jpeg ,https:\/\/mvc-carebridge.de\/wp-content\/uploads\/2026\/03\/pexels-photo-6129657.jpeg 780w, https:\/\/mvc-carebridge.de\/wp-content\/uploads\/2026\/03\/pexels-photo-6129657.jpeg 360w\" sizes=\"auto, (max-width: 480px) 150px\" src=\"https:\/\/mvc-carebridge.de\/wp-content\/uploads\/2026\/03\/pexels-photo-6129657.jpeg\" alt=\"Medical professionals discussing patient care in a hospital hallway.\" class=\"uag-image-669\" width=\"304\" height=\"330\" title=\"about-img\" loading=\"lazy\" role=\"img\"\/><\/figure><\/div>\n\n\n\n<div class=\"wp-block-uagb-advanced-heading uagb-block-1a02e77d\"><h1 class=\"uagb-heading-text\">Your bridge to qualified talent in the healthcare sector<\/h1><\/div>\n<\/div><\/div>\n\n\n\n<div class=\"wp-block-uagb-container uagb-layout-grid uagb-block-8d60b172 alignfull uagb-is-root-container\"><div class=\"uagb-container-inner-blocks-wrap\">\n<div class=\"wp-block-uagb-separator uagb-block-f5959e00\"><div class=\"uagb-separator-spacing-wrapper\"><div class=\"wp-block-uagb-separator__inner\" style=\"--my-background-image:\"><\/div><\/div><\/div>\n\n\n\n<div class=\"wp-block-uagb-advanced-heading uagb-block-77d24e2b\"><h2 class=\"uagb-heading-text\">About CareBridge \u2013 Your partners in healthcare<\/h2><\/div>\n\n\n\n<div class=\"wp-block-uagb-container uagb-block-2fe8b1bc\">\n<div class=\"wp-block-uagb-advanced-heading uagb-block-10f5d053\"><p class=\"uagb-heading-text\">CareBridge is your reliable partner connecting talent from the Philippines with the German healthcare market. Our focus is on digital support for medical professionals and fair compensation for our candidates to foster sustainable collaborations.<\/p><p class=\"uagb-desc-text\">Through our services, we have helped numerous institutions to successfully recruit qualified staff.<\/p><\/div>\n\n\n\n<div class=\"wp-block-uagb-image uagb-block-d72ff795 wp-block-uagb-image--layout-default wp-block-uagb-image--effect-static wp-block-uagb-image--align-none\"><figure class=\"wp-block-uagb-image__figure\"><img decoding=\"async\" srcset=\"https:\/\/mvc-carebridge.de\/wp-content\/uploads\/2026\/03\/pexels-photo-4386498.jpeg ,https:\/\/mvc-carebridge.de\/wp-content\/uploads\/2026\/03\/pexels-photo-4386498.jpeg 780w, https:\/\/mvc-carebridge.de\/wp-content\/uploads\/2026\/03\/pexels-photo-4386498.jpeg 360w\" sizes=\"auto, (max-width: 480px) 150px\" src=\"https:\/\/mvc-carebridge.de\/wp-content\/uploads\/2026\/03\/pexels-photo-4386498.jpeg\" alt=\"From above arrangement of red heart shapes placed on blue background with THANK YOU NURSES inscription\" class=\"uag-image-670\" width=\"504\" height=\"300\" title=\"trusted partner\" loading=\"lazy\" role=\"img\"\/><\/figure><\/div>\n<\/div>\n<\/div><\/div>\n\n\n\n<div class=\"wp-block-uagb-container uagb-layout-grid uagb-block-cabc36b7 alignfull uagb-is-root-container\"><div class=\"uagb-container-inner-blocks-wrap\">      \n\t\t\t<div class=\"uagb-icon-wrapper uagb-block-be37fdd4\"\n\t\t\tstyle=\"\" >\n\t\t\t\t\t\t\t\t\t<span class=\"uagb-svg-wrapper\" \n\t\t\t\t\t aria-label=\"chevron-right\"\t\t\t\t\ttabindex=\"0\">\t\t\n\t\t\t\t\t\t\t\t\t\t<svg xmlns=\"https:\/\/www.w3.org\/2000\/svg\" viewbox= \"0 0 320 512\" role=\"graphics-symbol\" aria-hidden=\"false\" aria-label=\"\"><path d=\"M96 480c-8.188 0-16.38-3.125-22.62-9.375c-12.5-12.5-12.5-32.75 0-45.25L242.8 256L73.38 86.63c-12.5-12.5-12.5-32.75 0-45.25s32.75-12.5 45.25 0l192 192c12.5 12.5 12.5 32.75 0 45.25l-192 192C112.4 476.9 104.2 480 96 480z\"><\/path><\/svg>\n\t\t\t\t\t\t\t\t\t<\/span>\n\t\t\t\t\t\t\t<\/div>\n\t\t\t\n\n\n<div class=\"wp-block-uagb-image uagb-block-00e2be4c wp-block-uagb-image--layout-default wp-block-uagb-image--effect-static wp-block-uagb-image--align-none uag-blocks-common-selector\" style=\"--z-index-desktop:1;;--z-index-tablet:1;;--z-index-mobile:undefined;\"><figure class=\"wp-block-uagb-image__figure\"><img decoding=\"async\" srcset=\"https:\/\/mvc-carebridge.de\/wp-content\/uploads\/2026\/03\/pexels-photo-4386490.jpeg ,https:\/\/mvc-carebridge.de\/wp-content\/uploads\/2026\/03\/pexels-photo-4386490.jpeg 780w, https:\/\/mvc-carebridge.de\/wp-content\/uploads\/2026\/03\/pexels-photo-4386490.jpeg 360w\" sizes=\"auto, (max-width: 480px) 150px\" src=\"https:\/\/mvc-carebridge.de\/wp-content\/uploads\/2026\/03\/pexels-photo-4386490.jpeg\" alt=\"From above of vintage light box with THANK YOU DOCTORS gratitude message placed on green surface\" class=\"uag-image-671\" width=\"304\" height=\"405\" title=\"vision\" loading=\"lazy\" role=\"img\"\/><\/figure><\/div>\n\n\n\n<div class=\"wp-block-uagb-container uag-blocks-common-selector uagb-block-c7c59b2e\">\n<div class=\"wp-block-uagb-info-box uagb-block-cdce3f95 uagb-infobox__content-wrap  uagb-infobox-icon-above-title uagb-infobox-image-valign-top\"><div class=\"uagb-ifb-content\"><div class=\"uagb-ifb-icon-wrap\"><svg xmlns=\"https:\/\/www.w3.org\/2000\/svg\" viewbox=\"0 0 448 512\"><path d=\"M96 96C42.98 96 0 138.1 0 192s42.98 96 96 96c11.28 0 21.95-2.305 32-5.879V288c0 35.3-28.7 64-64 64c-17.67 0-32 14.33-32 32s14.33 32 32 32c70.58 0 128-57.42 128-128V192C192 138.1 149 96 96 96zM448 192c0-53.02-42.98-96-96-96s-96 42.98-96 96s42.98 96 96 96c11.28 0 21.95-2.305 32-5.879V288c0 35.3-28.7 64-64 64c-17.67 0-32 14.33-32 32s14.33 32 32 32c70.58 0 128-57.42 128-128V192z\"><\/path><\/svg><\/div><div class=\"uagb-ifb-title-wrap\"><h3 class=\"uagb-ifb-title\">We believe in the power of diversity to strengthen the healthcare market.<\/h3><\/div><p class=\"uagb-ifb-desc\">Max M\u00fcller, Managing Director<\/p><\/div><\/div>\n<\/div>\n<\/div><\/div>\n\n\n\n<div class=\"wp-block-uagb-container uagb-layout-grid uagb-block-c64f81cf alignfull uagb-is-root-container\"><div class=\"uagb-container-inner-blocks-wrap\">\n<div class=\"wp-block-uagb-container uagb-layout-grid uagb-block-8722a718\">\n<div class=\"wp-block-uagb-separator uagb-block-40a1bc74\"><div class=\"uagb-separator-spacing-wrapper\"><div class=\"wp-block-uagb-separator__inner\" style=\"--my-background-image:\"><\/div><\/div><\/div>\n\n\n\n<div class=\"wp-block-uagb-advanced-heading uagb-block-9e8fb678\"><h2 class=\"uagb-heading-text\">With strong networking and digital expertise, we are revolutionizing recruitment in the healthcare sector for better patient care.<\/h2><\/div>\n<\/div>\n\n\n\n<div class=\"wp-block-uagb-image alignleft uagb-block-c5348d81 wp-block-uagb-image--layout-default wp-block-uagb-image--effect-static wp-block-uagb-image--align-left\"><figure class=\"wp-block-uagb-image__figure\"><img decoding=\"async\" srcset=\"https:\/\/mvc-carebridge.de\/wp-content\/uploads\/2026\/03\/pexels-photo-5214960.jpeg ,https:\/\/mvc-carebridge.de\/wp-content\/uploads\/2026\/03\/pexels-photo-5214960.jpeg 780w, https:\/\/mvc-carebridge.de\/wp-content\/uploads\/2026\/03\/pexels-photo-5214960.jpeg 360w\" sizes=\"auto, (max-width: 480px) 150px\" src=\"https:\/\/mvc-carebridge.de\/wp-content\/uploads\/2026\/03\/pexels-photo-5214960.jpeg\" alt=\"A female doctor wearing protective gear and a white coat checks her smartphone in a medical office.\" class=\"uag-image-672\" width=\"504\" height=\"500\" title=\"journey-01\" loading=\"lazy\" role=\"img\"\/><\/figure><\/div>\n<\/div><\/div>\n\n\n\n<div class=\"wp-block-uagb-container uagb-layout-grid uagb-block-807d08c9 alignfull uagb-is-root-container\"><div class=\"uagb-container-inner-blocks-wrap\">\n<div class=\"wp-block-uagb-container uagb-block-5443772e\">\n<div class=\"wp-block-uagb-image alignright uagb-block-58b67fa8 wp-block-uagb-image--layout-default wp-block-uagb-image--effect-static wp-block-uagb-image--align-right uag-blocks-common-selector\" style=\"--z-index-desktop:undefined;;--z-index-tablet:1;;--z-index-mobile:undefined;\"><figure class=\"wp-block-uagb-image__figure\"><img decoding=\"async\" srcset=\"https:\/\/mvc-carebridge.de\/wp-content\/uploads\/2026\/03\/pexels-photo-5407253.jpeg ,https:\/\/mvc-carebridge.de\/wp-content\/uploads\/2026\/03\/pexels-photo-5407253.jpeg 780w, https:\/\/mvc-carebridge.de\/wp-content\/uploads\/2026\/03\/pexels-photo-5407253.jpeg 360w\" sizes=\"auto, (max-width: 480px) 150px\" src=\"https:\/\/mvc-carebridge.de\/wp-content\/uploads\/2026\/03\/pexels-photo-5407253.jpeg\" alt=\"A female doctor in a white coat using a tablet with a stethoscope around her neck.\" class=\"uag-image-673\" width=\"504\" height=\"270\" title=\"journey-02\" loading=\"lazy\" role=\"img\"\/><\/figure><\/div>\n<\/div>\n\n\n\n<div class=\"wp-block-uagb-advanced-heading uagb-block-eb224300\"><h2 class=\"uagb-heading-text\">The CareBridge story: A path to change<\/h2><p class=\"uagb-desc-text\">Founded with the mission of connecting the German healthcare market with talented professionals from the Philippines, CareBridge has continuously built bridges to enable innovative solutions and excellent patient care. Our commitment to digital technologies and fair labor practices has made us the first choice for many medical facilities.<\/p><\/div>\n<\/div><\/div>\n\n\n\n<div class=\"wp-block-uagb-container uagb-layout-grid uagb-block-02c4e826 alignfull uagb-is-root-container\"><div class=\"uagb-container-inner-blocks-wrap\">      \n\t\t\t<div class=\"uagb-icon-wrapper uagb-block-35089def\"\n\t\t\tstyle=\"\" >\n\t\t\t\t\t\t\t\t\t<span class=\"uagb-svg-wrapper\" \n\t\t\t\t\t aria-label=\"chevron-right\"\t\t\t\t\ttabindex=\"0\">\t\t\n\t\t\t\t\t\t\t\t\t\t<svg xmlns=\"https:\/\/www.w3.org\/2000\/svg\" viewbox= \"0 0 320 512\" role=\"graphics-symbol\" aria-hidden=\"false\" aria-label=\"\"><path d=\"M96 480c-8.188 0-16.38-3.125-22.62-9.375c-12.5-12.5-12.5-32.75 0-45.25L242.8 256L73.38 86.63c-12.5-12.5-12.5-32.75 0-45.25s32.75-12.5 45.25 0l192 192c12.5 12.5 12.5 32.75 0 45.25l-192 192C112.4 476.9 104.2 480 96 480z\"><\/path><\/svg>\n\t\t\t\t\t\t\t\t\t<\/span>\n\t\t\t\t\t\t\t<\/div>\n\t\t\t\n\n\n<div class=\"wp-block-uagb-container uagb-block-4e905271\">\n<div class=\"wp-block-uagb-info-box uagb-block-e4835e24 uagb-infobox__content-wrap  uagb-infobox-icon-above-title uagb-infobox-image-valign-top\"><div class=\"uagb-ifb-content\"><div class=\"uagb-ifb-title-wrap\"><p class=\"uagb-ifb-title-prefix\">Would you like more?<\/p><h2 class=\"uagb-ifb-title\">Contact us for more information!<\/h2><\/div><p class=\"uagb-ifb-desc\">Learn how CareBridge can help you find the right talent for your team.<\/p><div class=\"uagb-ifb-button-wrapper wp-block-button\"><a href=\"\/contact\/\" class=\"uagb-infobox-cta-link wp-block-button__link\" target=\"_self\" rel=\"noopener noreferrer\" onclick=\"return true;\"><span class=\"uagb-inline-editing\">Start now<\/span><\/a><\/div><\/div><\/div>\n<\/div>\n<\/div><\/div>","protected":false},"excerpt":{"rendered":"<p>Ihre Br\u00fccke zu qualifizierten Talenten im Gesundheitswesen \u00dcber CareBridge &#8211; Ihre Partner im Gesundheitswesen CareBridge ist Ihr verl\u00e4sslicher Partner, der [&hellip;]<\/p>\n","protected":false},"author":1,"featured_media":0,"parent":0,"menu_order":0,"comment_status":"closed","ping_status":"closed","template":"","meta":{"_surecart_dashboard_logo_width":"180px","_surecart_dashboard_show_logo":true,"_surecart_dashboard_navigation_orders":true,"_surecart_dashboard_navigation_invoices":true,"_surecart_dashboard_navigation_subscriptions":true,"_surecart_dashboard_navigation_downloads":true,"_surecart_dashboard_navigation_billing":true,"_surecart_dashboard_navigation_account":true,"_uag_custom_page_level_css":"","site-sidebar-layout":"default","site-content-layout":"","ast-site-content-layout":"default","site-content-style":"default","site-sidebar-style":"default","ast-global-header-display":"","ast-banner-title-visibility":"","ast-main-header-display":"","ast-hfb-above-header-display":"","ast-hfb-below-header-display":"","ast-hfb-mobile-header-display":"","site-post-title":"disabled","ast-breadcrumbs-content":"","ast-featured-img":"","footer-sml-layout":"","ast-disable-related-posts":"","theme-transparent-header-meta":"enabled","adv-header-id-meta":"","stick-header-meta":"","header-above-stick-meta":"","header-main-stick-meta":"","header-below-stick-meta":"","astra-migrate-meta-layouts":"default","ast-page-background-enabled":"default","ast-page-background-meta":{"desktop":{"background-color":"var(--ast-global-color-4)","background-image":"","background-repeat":"repeat","background-position":"center center","background-size":"auto","background-attachment":"scroll","background-type":"","background-media":"","overlay-type":"","overlay-color":"","overlay-opacity":"","overlay-gradient":""},"tablet":{"background-color":"","background-image":"","background-repeat":"repeat","background-position":"center center","background-size":"auto","background-attachment":"scroll","background-type":"","background-media":"","overlay-type":"","overlay-color":"","overlay-opacity":"","overlay-gradient":""},"mobile":{"background-color":"","background-image":"","background-repeat":"repeat","background-position":"center center","background-size":"auto","background-attachment":"scroll","background-type":"","background-media":"","overlay-type":"","overlay-color":"","overlay-opacity":"","overlay-gradient":""}},"ast-content-background-meta":{"desktop":{"background-color":"var(--ast-global-color-5)","background-image":"","background-repeat":"repeat","background-position":"center center","background-size":"auto","background-attachment":"scroll","background-type":"","background-media":"","overlay-type":"","overlay-color":"","overlay-opacity":"","overlay-gradient":""},"tablet":{"background-color":"var(--ast-global-color-5)","background-image":"","background-repeat":"repeat","background-position":"center center","background-size":"auto","background-attachment":"scroll","background-type":"","background-media":"","overlay-type":"","overlay-color":"","overlay-opacity":"","overlay-gradient":""},"mobile":{"background-color":"var(--ast-global-color-5)","background-image":"","background-repeat":"repeat","background-position":"center center","background-size":"auto","background-attachment":"scroll","background-type":"","background-media":"","overlay-type":"","overlay-color":"","overlay-opacity":"","overlay-gradient":""}},"footnotes":""},"class_list":["post-764","page","type-page","status-publish","hentry"],"aioseo_notices":[],"uagb_featured_image_src":{"full":false,"thumbnail":false,"medium":false,"medium_large":false,"large":false,"1536x1536":false,"2048x2048":false,"trp-custom-language-flag":false,"woocommerce_thumbnail":false,"woocommerce_single":false,"woocommerce_gallery_thumbnail":false},"uagb_author_info":{"display_name":"admin","author_link":"https:\/\/mvc-carebridge.de\/en\/author\/admin\/"},"uagb_comment_info":0,"uagb_excerpt":"Ihre Br\u00fccke zu qualifizierten Talenten im Gesundheitswesen \u00dcber CareBridge &#8211; Ihre Partner im Gesundheitswesen CareBridge ist Ihr verl\u00e4sslicher Partner, der [&hellip;]","_links":{"self":[{"href":"https:\/\/mvc-carebridge.de\/en\/wp-json\/wp\/v2\/pages\/764","targetHints":{"allow":["GET"]}}],"collection":[{"href":"https:\/\/mvc-carebridge.de\/en\/wp-json\/wp\/v2\/pages"}],"about":[{"href":"https:\/\/mvc-carebridge.de\/en\/wp-json\/wp\/v2\/types\/page"}],"author":[{"embeddable":true,"href":"https:\/\/mvc-carebridge.de\/en\/wp-json\/wp\/v2\/users\/1"}],"replies":[{"embeddable":true,"href":"https:\/\/mvc-carebridge.de\/en\/wp-json\/wp\/v2\/comments?post=764"}],"version-history":[{"count":3,"href":"https:\/\/mvc-carebridge.de\/en\/wp-json\/wp\/v2\/pages\/764\/revisions"}],"predecessor-version":[{"id":806,"href":"https:\/\/mvc-carebridge.de\/en\/wp-json\/wp\/v2\/pages\/764\/revisions\/806"}],"wp:attachment":[{"href":"https:\/\/mvc-carebridge.de\/en\/wp-json\/wp\/v2\/media?parent=764"}],"curies":[{"name":"wp","href":"https:\/\/api.w.org\/{rel}","templated":true}]}}