{"id":291,"date":"2026-03-07T08:35:16","date_gmt":"2026-03-07T08:35:16","guid":{"rendered":"https:\/\/mvc-carebridge.de\/services\/"},"modified":"2026-03-07T08:42:59","modified_gmt":"2026-03-07T08:42:59","slug":"services","status":"publish","type":"page","link":"https:\/\/mvc-carebridge.de\/en\/services\/","title":{"rendered":"Services"},"content":{"rendered":"<div class=\"wp-block-uagb-container uagb-layout-grid uagb-block-60f464b0 alignfull uagb-is-root-container\"><div class=\"uagb-container-inner-blocks-wrap\">      \n\t\t\t<div class=\"uagb-icon-wrapper uagb-block-337c2941\"\n\t\t\tstyle=\"\" >\n\t\t\t\t\t\t\t\t\t<span class=\"uagb-svg-wrapper\" \n\t\t\t\t\t aria-label=\"chevron-down\"\t\t\t\t\ttabindex=\"0\">\t\t\n\t\t\t\t\t\t\t\t\t\t<svg xmlns=\"https:\/\/www.w3.org\/2000\/svg\" viewbox= \"0 0 448 512\" role=\"graphics-symbol\" aria-hidden=\"false\" aria-label=\"\"><path d=\"M224 416c-8.188 0-16.38-3.125-22.62-9.375l-192-192c-12.5-12.5-12.5-32.75 0-45.25s32.75-12.5 45.25 0L224 338.8l169.4-169.4c12.5-12.5 32.75-12.5 45.25 0s12.5 32.75 0 45.25l-192 192C240.4 412.9 232.2 416 224 416z\"><\/path><\/svg>\n\t\t\t\t\t\t\t\t\t<\/span>\n\t\t\t\t\t\t\t<\/div>\n\t\t\t\n\n\n<div class=\"wp-block-uagb-image uagb-block-58752c0c wp-block-uagb-image--layout-default wp-block-uagb-image--effect-static wp-block-uagb-image--align-none\"><figure class=\"wp-block-uagb-image__figure\"><img decoding=\"async\" srcset=\"https:\/\/mvc-carebridge.de\/wp-content\/uploads\/2026\/03\/pexels-photo-6129052.jpeg ,https:\/\/mvc-carebridge.de\/wp-content\/uploads\/2026\/03\/pexels-photo-6129052.jpeg 780w, https:\/\/mvc-carebridge.de\/wp-content\/uploads\/2026\/03\/pexels-photo-6129052.jpeg 360w\" sizes=\"auto, (max-width: 480px) 150px\" src=\"https:\/\/mvc-carebridge.de\/wp-content\/uploads\/2026\/03\/pexels-photo-6129052.jpeg\" alt=\"A medical professional conducts a check-up with a patient in a hospital setting.\" class=\"uag-image-675\" width=\"304\" height=\"330\" title=\"services-img\" loading=\"lazy\" role=\"img\"\/><\/figure><\/div>\n\n\n\n<div class=\"wp-block-uagb-advanced-heading uagb-block-14365051\"><h1 class=\"uagb-heading-text\">Comprehensive support for healthcare providers<\/h1><\/div>\n<\/div><\/div>\n\n\n\n<div class=\"wp-block-uagb-container uagb-block-4806a78e alignfull uagb-is-root-container\"><div class=\"uagb-container-inner-blocks-wrap\">\n<div class=\"wp-block-uagb-container uagb-layout-grid uagb-block-db7da9e9\">\n<div class=\"wp-block-uagb-separator uagb-block-f5959e00\"><div class=\"uagb-separator-spacing-wrapper\"><div class=\"wp-block-uagb-separator__inner\" style=\"--my-background-image:\"><\/div><\/div><\/div>\n\n\n\n<div class=\"wp-block-uagb-advanced-heading uagb-block-9f14b116\"><h2 class=\"uagb-heading-text\">Medical recruitment<\/h2><p class=\"uagb-desc-text\">We help you find the best talent from the Philippines for your medical facilities. Our recruitment process ensures a fast and efficient onboarding of qualified professionals to meet your needs.<\/p><\/div>\n\n\n\n<div class=\"wp-block-uagb-image alignright uagb-block-01dee43a wp-block-uagb-image--layout-default wp-block-uagb-image--effect-static wp-block-uagb-image--align-right\"><figure class=\"wp-block-uagb-image__figure\"><img decoding=\"async\" srcset=\"https:\/\/mvc-carebridge.de\/wp-content\/uploads\/2026\/03\/pexels-photo-6129240.jpeg ,https:\/\/mvc-carebridge.de\/wp-content\/uploads\/2026\/03\/pexels-photo-6129240.jpeg 780w, https:\/\/mvc-carebridge.de\/wp-content\/uploads\/2026\/03\/pexels-photo-6129240.jpeg 360w\" sizes=\"auto, (max-width: 480px) 150px\" src=\"https:\/\/mvc-carebridge.de\/wp-content\/uploads\/2026\/03\/pexels-photo-6129240.jpeg\" alt=\"Doctor checks on patient in hospital room with medical equipment.\" class=\"uag-image-676\" width=\"552\" height=\"285\" title=\"services-01\" loading=\"lazy\" role=\"img\"\/><\/figure><\/div>\n<\/div>\n\n\n\n<div class=\"wp-block-uagb-container uagb-layout-grid uagb-block-54de3969\">\n<div class=\"wp-block-uagb-separator uagb-block-9e7a15f0\"><div class=\"uagb-separator-spacing-wrapper\"><div class=\"wp-block-uagb-separator__inner\" style=\"--my-background-image:\"><\/div><\/div><\/div>\n\n\n\n<div class=\"wp-block-uagb-advanced-heading uagb-block-68debd6e\"><h2 class=\"uagb-heading-text\">Digital solutions<\/h2><p class=\"uagb-desc-text\">CareBridge offers digital support that relieves the burden on doctors and care facilities in their daily work. Our innovative tools ensure greater efficiency and help to optimize patient care and improve administrative processes.<\/p><\/div>\n\n\n\n<div class=\"wp-block-uagb-image alignright uagb-block-ac05cb28 wp-block-uagb-image--layout-default wp-block-uagb-image--effect-static wp-block-uagb-image--align-right\"><figure class=\"wp-block-uagb-image__figure\"><img decoding=\"async\" srcset=\"https:\/\/mvc-carebridge.de\/wp-content\/uploads\/2026\/03\/pexels-photo-5998457.jpeg ,https:\/\/mvc-carebridge.de\/wp-content\/uploads\/2026\/03\/pexels-photo-5998457.jpeg 780w, https:\/\/mvc-carebridge.de\/wp-content\/uploads\/2026\/03\/pexels-photo-5998457.jpeg 360w\" sizes=\"auto, (max-width: 480px) 150px\" src=\"https:\/\/mvc-carebridge.de\/wp-content\/uploads\/2026\/03\/pexels-photo-5998457.jpeg\" alt=\"A female doctor examining a child with a stethoscope during a pediatric check-up in a clinic.\" class=\"uag-image-677\" width=\"552\" height=\"285\" title=\"services-02\" loading=\"lazy\" role=\"img\"\/><\/figure><\/div>\n<\/div>\n\n\n\n<div class=\"wp-block-uagb-container uagb-layout-grid uagb-block-1e7d9701\">\n<div class=\"wp-block-uagb-separator uagb-block-fc6c7be0\"><div class=\"uagb-separator-spacing-wrapper\"><div class=\"wp-block-uagb-separator__inner\" style=\"--my-background-image:\"><\/div><\/div><\/div>\n\n\n\n<div class=\"wp-block-uagb-advanced-heading uagb-block-a9a04bad\"><h2 class=\"uagb-heading-text\">Fair compensation systems<\/h2><p class=\"uagb-desc-text\">We rely on a transparent and fair compensation system. Our piece-rate payments promote employee motivation and satisfaction, which has a positive impact on the quality of care and the patient experience.<\/p><\/div>\n\n\n\n<div class=\"wp-block-uagb-image alignright uagb-block-c5755b26 wp-block-uagb-image--layout-default wp-block-uagb-image--effect-static wp-block-uagb-image--align-right\"><figure class=\"wp-block-uagb-image__figure\"><img decoding=\"async\" srcset=\"https:\/\/mvc-carebridge.de\/wp-content\/uploads\/2026\/03\/pexels-photo-6129681.jpeg ,https:\/\/mvc-carebridge.de\/wp-content\/uploads\/2026\/03\/pexels-photo-6129681.jpeg 780w, https:\/\/mvc-carebridge.de\/wp-content\/uploads\/2026\/03\/pexels-photo-6129681.jpeg 360w\" sizes=\"auto, (max-width: 480px) 150px\" src=\"https:\/\/mvc-carebridge.de\/wp-content\/uploads\/2026\/03\/pexels-photo-6129681.jpeg\" alt=\"Doctors and nurse discussing patient&#039;s treatment in a hospital room.\" class=\"uag-image-678\" width=\"552\" height=\"285\" title=\"services-03\" loading=\"lazy\" role=\"img\"\/><\/figure><\/div>\n<\/div>\n\n\n\n<div class=\"wp-block-uagb-container uagb-layout-grid uagb-block-4e156311\">\n<div class=\"wp-block-uagb-separator uagb-block-9c659275\"><div class=\"uagb-separator-spacing-wrapper\"><div class=\"wp-block-uagb-separator__inner\" style=\"--my-background-image:\"><\/div><\/div><\/div>\n\n\n\n<div class=\"wp-block-uagb-advanced-heading uagb-block-c1076dea\"><h2 class=\"uagb-heading-text\">Cultural integration<\/h2><p class=\"uagb-desc-text\">We support the cultural integration of Filipino professionals into the German healthcare market. Through training and intercultural programs, we promote a harmonious working environment and improve communication between teams.<\/p><\/div>\n\n\n\n<div class=\"wp-block-uagb-image alignright uagb-block-e7588921 wp-block-uagb-image--layout-default wp-block-uagb-image--effect-static wp-block-uagb-image--align-right\"><figure class=\"wp-block-uagb-image__figure\"><img decoding=\"async\" srcset=\"https:\/\/mvc-carebridge.de\/wp-content\/uploads\/2026\/03\/pexels-photo-14438786.jpeg ,https:\/\/mvc-carebridge.de\/wp-content\/uploads\/2026\/03\/pexels-photo-14438786.jpeg 780w, https:\/\/mvc-carebridge.de\/wp-content\/uploads\/2026\/03\/pexels-photo-14438786.jpeg 360w\" sizes=\"auto, (max-width: 480px) 150px\" src=\"https:\/\/mvc-carebridge.de\/wp-content\/uploads\/2026\/03\/pexels-photo-14438786.jpeg\" alt=\"Portrait of male and female healthcare professionals in studio setting, wearing white coats.\" class=\"uag-image-665\" width=\"552\" height=\"285\" title=\"services-04\" loading=\"lazy\" role=\"img\"\/><\/figure><\/div>\n<\/div>\n<\/div><\/div>\n\n\n\n<div class=\"wp-block-uagb-container uagb-layout-grid uagb-block-02c4e826 alignfull uagb-is-root-container\"><div class=\"uagb-container-inner-blocks-wrap\">      \n\t\t\t<div class=\"uagb-icon-wrapper uagb-block-35089def\"\n\t\t\tstyle=\"\" >\n\t\t\t\t\t\t\t\t\t<span class=\"uagb-svg-wrapper\" \n\t\t\t\t\t aria-label=\"chevron-right\"\t\t\t\t\ttabindex=\"0\">\t\t\n\t\t\t\t\t\t\t\t\t\t<svg xmlns=\"https:\/\/www.w3.org\/2000\/svg\" viewbox= \"0 0 320 512\" role=\"graphics-symbol\" aria-hidden=\"false\" aria-label=\"\"><path d=\"M96 480c-8.188 0-16.38-3.125-22.62-9.375c-12.5-12.5-12.5-32.75 0-45.25L242.8 256L73.38 86.63c-12.5-12.5-12.5-32.75 0-45.25s32.75-12.5 45.25 0l192 192c12.5 12.5 12.5 32.75 0 45.25l-192 192C112.4 476.9 104.2 480 96 480z\"><\/path><\/svg>\n\t\t\t\t\t\t\t\t\t<\/span>\n\t\t\t\t\t\t\t<\/div>\n\t\t\t\n\n\n<div class=\"wp-block-uagb-container uagb-block-4e905271\">\n<div class=\"wp-block-uagb-info-box uagb-block-e4835e24 uagb-infobox__content-wrap  uagb-infobox-icon-above-title uagb-infobox-image-valign-top\"><div class=\"uagb-ifb-content\"><div class=\"uagb-ifb-title-wrap\"><p class=\"uagb-ifb-title-prefix\">Would you like more?<\/p><h2 class=\"uagb-ifb-title\">Contact us for more information!<\/h2><\/div><p class=\"uagb-ifb-desc\">Learn how CareBridge can help you find the right talent for your team.<\/p><div class=\"uagb-ifb-button-wrapper wp-block-button\"><a href=\"\/contact\/\" class=\"uagb-infobox-cta-link wp-block-button__link\" target=\"_self\" rel=\"noopener noreferrer\" onclick=\"return true;\"><span class=\"uagb-inline-editing\">Start now<\/span><\/a><\/div><\/div><\/div>\n<\/div>\n<\/div><\/div>","protected":false},"excerpt":{"rendered":"<p>Umfassende Unterst\u00fctzung f\u00fcr Gesundheitsdienstleister Medizinische Rekrutierung Wir helfen Ihnen, die besten Talente aus den Philippinen f\u00fcr Ihre medizinischen Einrichtungen zu [&hellip;]<\/p>\n","protected":false},"author":1,"featured_media":0,"parent":0,"menu_order":0,"comment_status":"closed","ping_status":"closed","template":"","meta":{"_surecart_dashboard_logo_width":"180px","_surecart_dashboard_show_logo":true,"_surecart_dashboard_navigation_orders":true,"_surecart_dashboard_navigation_invoices":true,"_surecart_dashboard_navigation_subscriptions":true,"_surecart_dashboard_navigation_downloads":true,"_surecart_dashboard_navigation_billing":true,"_surecart_dashboard_navigation_account":true,"_uag_custom_page_level_css":"","site-sidebar-layout":"default","site-content-layout":"","ast-site-content-layout":"default","site-content-style":"default","site-sidebar-style":"default","ast-global-header-display":"","ast-banner-title-visibility":"","ast-main-header-display":"","ast-hfb-above-header-display":"","ast-hfb-below-header-display":"","ast-hfb-mobile-header-display":"","site-post-title":"disabled","ast-breadcrumbs-content":"","ast-featured-img":"","footer-sml-layout":"","ast-disable-related-posts":"","theme-transparent-header-meta":"enabled","adv-header-id-meta":"","stick-header-meta":"","header-above-stick-meta":"","header-main-stick-meta":"","header-below-stick-meta":"","astra-migrate-meta-layouts":"default","ast-page-background-enabled":"default","ast-page-background-meta":{"desktop":{"background-color":"var(--ast-global-color-4)","background-image":"","background-repeat":"repeat","background-position":"center center","background-size":"auto","background-attachment":"scroll","background-type":"","background-media":"","overlay-type":"","overlay-color":"","overlay-opacity":"","overlay-gradient":""},"tablet":{"background-color":"","background-image":"","background-repeat":"repeat","background-position":"center center","background-size":"auto","background-attachment":"scroll","background-type":"","background-media":"","overlay-type":"","overlay-color":"","overlay-opacity":"","overlay-gradient":""},"mobile":{"background-color":"","background-image":"","background-repeat":"repeat","background-position":"center center","background-size":"auto","background-attachment":"scroll","background-type":"","background-media":"","overlay-type":"","overlay-color":"","overlay-opacity":"","overlay-gradient":""}},"ast-content-background-meta":{"desktop":{"background-color":"var(--ast-global-color-5)","background-image":"","background-repeat":"repeat","background-position":"center center","background-size":"auto","background-attachment":"scroll","background-type":"","background-media":"","overlay-type":"","overlay-color":"","overlay-opacity":"","overlay-gradient":""},"tablet":{"background-color":"var(--ast-global-color-5)","background-image":"","background-repeat":"repeat","background-position":"center center","background-size":"auto","background-attachment":"scroll","background-type":"","background-media":"","overlay-type":"","overlay-color":"","overlay-opacity":"","overlay-gradient":""},"mobile":{"background-color":"var(--ast-global-color-5)","background-image":"","background-repeat":"repeat","background-position":"center center","background-size":"auto","background-attachment":"scroll","background-type":"","background-media":"","overlay-type":"","overlay-color":"","overlay-opacity":"","overlay-gradient":""}},"footnotes":""},"class_list":["post-291","page","type-page","status-publish","hentry"],"aioseo_notices":[],"uagb_featured_image_src":{"full":false,"thumbnail":false,"medium":false,"medium_large":false,"large":false,"1536x1536":false,"2048x2048":false,"trp-custom-language-flag":false,"woocommerce_thumbnail":false,"woocommerce_single":false,"woocommerce_gallery_thumbnail":false},"uagb_author_info":{"display_name":"admin","author_link":"https:\/\/mvc-carebridge.de\/en\/author\/admin\/"},"uagb_comment_info":0,"uagb_excerpt":"Umfassende Unterst\u00fctzung f\u00fcr Gesundheitsdienstleister Medizinische Rekrutierung Wir helfen Ihnen, die besten Talente aus den Philippinen f\u00fcr Ihre medizinischen Einrichtungen zu [&hellip;]","_links":{"self":[{"href":"https:\/\/mvc-carebridge.de\/en\/wp-json\/wp\/v2\/pages\/291","targetHints":{"allow":["GET"]}}],"collection":[{"href":"https:\/\/mvc-carebridge.de\/en\/wp-json\/wp\/v2\/pages"}],"about":[{"href":"https:\/\/mvc-carebridge.de\/en\/wp-json\/wp\/v2\/types\/page"}],"author":[{"embeddable":true,"href":"https:\/\/mvc-carebridge.de\/en\/wp-json\/wp\/v2\/users\/1"}],"replies":[{"embeddable":true,"href":"https:\/\/mvc-carebridge.de\/en\/wp-json\/wp\/v2\/comments?post=291"}],"version-history":[{"count":3,"href":"https:\/\/mvc-carebridge.de\/en\/wp-json\/wp\/v2\/pages\/291\/revisions"}],"predecessor-version":[{"id":808,"href":"https:\/\/mvc-carebridge.de\/en\/wp-json\/wp\/v2\/pages\/291\/revisions\/808"}],"wp:attachment":[{"href":"https:\/\/mvc-carebridge.de\/en\/wp-json\/wp\/v2\/media?parent=291"}],"curies":[{"name":"wp","href":"https:\/\/api.w.org\/{rel}","templated":true}]}}