{"id":289,"date":"2026-03-07T08:35:16","date_gmt":"2026-03-07T08:35:16","guid":{"rendered":"https:\/\/mvc-carebridge.de\/home\/"},"modified":"2026-03-07T08:43:08","modified_gmt":"2026-03-07T08:43:08","slug":"home","status":"publish","type":"page","link":"https:\/\/mvc-carebridge.de\/en\/home\/","title":{"rendered":"Home"},"content":{"rendered":"<div class=\"wp-block-uagb-container uagb-layout-grid uagb-block-60f464b0 alignfull uagb-is-root-container\"><div class=\"uagb-container-inner-blocks-wrap\">      \n\t\t\t<div class=\"uagb-icon-wrapper uagb-block-337c2941\"\n\t\t\tstyle=\"\" >\n\t\t\t\t\t\t\t\t\t<span class=\"uagb-svg-wrapper\" \n\t\t\t\t\t aria-label=\"chevron-down\"\t\t\t\t\ttabindex=\"0\">\t\t\n\t\t\t\t\t\t\t\t\t\t<svg xmlns=\"https:\/\/www.w3.org\/2000\/svg\" viewbox= \"0 0 448 512\" role=\"graphics-symbol\" aria-hidden=\"false\" aria-label=\"\"><path d=\"M224 416c-8.188 0-16.38-3.125-22.62-9.375l-192-192c-12.5-12.5-12.5-32.75 0-45.25s32.75-12.5 45.25 0L224 338.8l169.4-169.4c12.5-12.5 32.75-12.5 45.25 0s12.5 32.75 0 45.25l-192 192C240.4 412.9 232.2 416 224 416z\"><\/path><\/svg>\n\t\t\t\t\t\t\t\t\t<\/span>\n\t\t\t\t\t\t\t<\/div>\n\t\t\t\n\n\n<div class=\"wp-block-uagb-image uagb-block-58752c0c wp-block-uagb-image--layout-default wp-block-uagb-image--effect-static wp-block-uagb-image--align-none\"><figure class=\"wp-block-uagb-image__figure\"><img decoding=\"async\" srcset=\"https:\/\/mvc-carebridge.de\/wp-content\/uploads\/2026\/03\/pexels-photo-4386490.jpeg ,https:\/\/mvc-carebridge.de\/wp-content\/uploads\/2026\/03\/pexels-photo-4386490.jpeg 780w, https:\/\/mvc-carebridge.de\/wp-content\/uploads\/2026\/03\/pexels-photo-4386490.jpeg 360w\" sizes=\"auto, (max-width: 480px) 150px\" src=\"https:\/\/mvc-carebridge.de\/wp-content\/uploads\/2026\/03\/pexels-photo-4386490.jpeg\" alt=\"From above of vintage light box with THANK YOU DOCTORS gratitude message placed on green surface\" class=\"uag-image-671\" width=\"304\" height=\"600\" title=\"home-img\" loading=\"lazy\" role=\"img\"\/><\/figure><\/div>\n\n\n\n<div class=\"wp-block-uagb-container uagb-block-550e547e\">\n<div class=\"wp-block-uagb-info-box uagb-block-35c4a1cc uagb-infobox__content-wrap  uagb-infobox-icon-above-title uagb-infobox-image-valign-top\"><div class=\"uagb-ifb-content\"><div class=\"uagb-ifb-title-wrap\"><h1 class=\"uagb-ifb-title\">Building bridges in healthcare<\/h1><\/div><p class=\"uagb-ifb-desc\">Connects talented professionals from the Philippines with the German healthcare market for optimal support.<\/p><div class=\"uagb-ifb-button-wrapper wp-block-button\"><a href=\"\/contact\" class=\"uagb-infobox-cta-link ast-outline-button\" target=\"_self\" rel=\"noopener noreferrer\" style=\"border-width:revert-layer\" onclick=\"return true;\"><span class=\"uagb-inline-editing\">Start now<\/span><\/a><\/div><\/div><\/div>\n<\/div>\n<\/div><\/div>\n\n\n\n<div class=\"wp-block-uagb-container uagb-layout-grid uagb-block-8d60b172 alignfull uagb-is-root-container\"><div class=\"uagb-container-inner-blocks-wrap\">\n<div class=\"wp-block-uagb-separator uagb-block-f5959e00\"><div class=\"uagb-separator-spacing-wrapper\"><div class=\"wp-block-uagb-separator__inner\" style=\"--my-background-image:\"><\/div><\/div><\/div>\n\n\n\n<div class=\"wp-block-uagb-info-box uagb-block-75fa55e6 uagb-infobox__content-wrap  uagb-infobox-icon-above-title uagb-infobox-image-valign-top\"><div class=\"uagb-ifb-content\"><div class=\"uagb-ifb-title-wrap\"><h2 class=\"uagb-ifb-title\">Our journey: Connecting talent and the healthcare market<\/h2><\/div><p class=\"uagb-ifb-desc\">CareBridge was founded to connect the best professionals from the Philippines with the requirements of the German healthcare market and to offer digital solutions.<\/p><div class=\"uagb-ifb-button-wrapper wp-block-button\"><a href=\"\/about\" class=\"uagb-infobox-cta-link ast-outline-button\" target=\"_self\" rel=\"noopener noreferrer\" style=\"border-width:revert-layer\" onclick=\"return true;\"><span class=\"uagb-inline-editing\">Read more<\/span><\/a><\/div><\/div><\/div>\n\n\n\n<div class=\"wp-block-uagb-container uagb-block-2fe8b1bc\">\n<div class=\"wp-block-uagb-image uagb-block-d72ff795 wp-block-uagb-image--layout-default wp-block-uagb-image--effect-static wp-block-uagb-image--align-none uag-blocks-common-selector\" style=\"--z-index-desktop:1;;--z-index-tablet:undefined;;--z-index-mobile:undefined;\"><figure class=\"wp-block-uagb-image__figure\"><img decoding=\"async\" srcset=\"https:\/\/mvc-carebridge.de\/wp-content\/uploads\/2026\/03\/pexels-photo-5214960.jpeg ,https:\/\/mvc-carebridge.de\/wp-content\/uploads\/2026\/03\/pexels-photo-5214960.jpeg 780w, https:\/\/mvc-carebridge.de\/wp-content\/uploads\/2026\/03\/pexels-photo-5214960.jpeg 360w\" sizes=\"auto, (max-width: 480px) 150px\" src=\"https:\/\/mvc-carebridge.de\/wp-content\/uploads\/2026\/03\/pexels-photo-5214960.jpeg\" alt=\"A female doctor wearing protective gear and a white coat checks her smartphone in a medical office.\" class=\"uag-image-672\" width=\"504\" height=\"500\" title=\"about-img-01\" loading=\"lazy\" role=\"img\"\/><\/figure><\/div>\n<\/div>\n<\/div><\/div>\n\n\n\n<div class=\"wp-block-uagb-container uagb-layout-grid uagb-block-d5491a6a alignfull uagb-is-root-container\"><div class=\"uagb-container-inner-blocks-wrap\">\n<div class=\"wp-block-uagb-separator uagb-block-905989f4\"><div class=\"uagb-separator-spacing-wrapper\"><div class=\"wp-block-uagb-separator__inner\" style=\"--my-background-image:\"><\/div><\/div><\/div>\n\n\n\n<div class=\"wp-block-uagb-advanced-heading uagb-block-77d24e2b\"><h2 class=\"uagb-heading-text\">Our services at a glance<\/h2><\/div>\n\n\n\n<div class=\"wp-block-uagb-container uagb-block-e2ca7594\">\n<div class=\"wp-block-uagb-advanced-heading uagb-block-10f5d053\"><p class=\"uagb-desc-text\">Discover our tailor-made services to support doctors and care facilities in Germany.<\/p><\/div>\n<\/div>\n\n\n\n<div class=\"wp-block-uagb-container uagb-layout-grid uagb-block-7512132c\">\n<div class=\"wp-block-uagb-container uagb-block-fdc1a17b\">\n<div class=\"wp-block-uagb-advanced-heading uagb-block-03863ffd\"><h3 class=\"uagb-heading-text\">Medical recruitment<\/h3><\/div>\n<\/div>\n\n\n\n<div class=\"wp-block-uagb-container uagb-block-d591e602\">\n<div class=\"wp-block-uagb-advanced-heading uagb-block-98cb43a1\"><h3 class=\"uagb-heading-text\">Digital solutions<\/h3><\/div>\n<\/div>\n\n\n\n<div class=\"wp-block-uagb-container uagb-block-35b99425\">\n<div class=\"wp-block-uagb-advanced-heading uagb-block-a5aa5d41\"><h3 class=\"uagb-heading-text\">Fair compensation systems<\/h3><\/div>\n<\/div>\n\n\n\n<div class=\"wp-block-uagb-container uagb-block-ff584982\">\n<div class=\"wp-block-uagb-advanced-heading uagb-block-6978699a\"><h3 class=\"uagb-heading-text\">Cultural integration<\/h3><\/div>\n<\/div>\n<\/div>\n<\/div><\/div>\n\n\n\n<div class=\"wp-block-uagb-container uagb-layout-grid uagb-block-cabc36b7 alignfull uagb-is-root-container\"><div class=\"uagb-container-inner-blocks-wrap\">      \n\t\t\t<div class=\"uagb-icon-wrapper uagb-block-be37fdd4\"\n\t\t\tstyle=\"\" >\n\t\t\t\t\t\t\t\t\t<span class=\"uagb-svg-wrapper\" \n\t\t\t\t\t aria-label=\"chevron-right\"\t\t\t\t\ttabindex=\"0\">\t\t\n\t\t\t\t\t\t\t\t\t\t<svg xmlns=\"https:\/\/www.w3.org\/2000\/svg\" viewbox= \"0 0 320 512\" role=\"graphics-symbol\" aria-hidden=\"false\" aria-label=\"\"><path d=\"M96 480c-8.188 0-16.38-3.125-22.62-9.375c-12.5-12.5-12.5-32.75 0-45.25L242.8 256L73.38 86.63c-12.5-12.5-12.5-32.75 0-45.25s32.75-12.5 45.25 0l192 192c12.5 12.5 12.5 32.75 0 45.25l-192 192C112.4 476.9 104.2 480 96 480z\"><\/path><\/svg>\n\t\t\t\t\t\t\t\t\t<\/span>\n\t\t\t\t\t\t\t<\/div>\n\t\t\t\n\n\n<div class=\"wp-block-uagb-container uag-blocks-common-selector uagb-block-c7c59b2e\">\n<div class=\"wp-block-uagb-info-box uagb-block-cdce3f95 uagb-infobox__content-wrap  uagb-infobox-icon-above-title uagb-infobox-image-valign-top\"><div class=\"uagb-ifb-content\"><div class=\"uagb-ifb-title-wrap\"><h2 class=\"uagb-ifb-title\">Ready for the next step?<\/h2><\/div><div class=\"uagb-ifb-button-wrapper wp-block-button\"><a href=\"\/contact\" class=\"uagb-infobox-cta-link wp-block-button__link\" target=\"_self\" rel=\"noopener noreferrer\" onclick=\"return true;\"><span class=\"uagb-inline-editing\">Start now<\/span><\/a><\/div><\/div><\/div>\n<\/div>\n\n\n\n<div class=\"wp-block-uagb-image uagb-block-00e2be4c wp-block-uagb-image--layout-default wp-block-uagb-image--effect-static wp-block-uagb-image--align-none uag-blocks-common-selector\" style=\"--z-index-desktop:1;;--z-index-tablet:1;;--z-index-mobile:undefined;\"><figure class=\"wp-block-uagb-image__figure\"><img decoding=\"async\" srcset=\"https:\/\/mvc-carebridge.de\/wp-content\/uploads\/2026\/03\/pexels-photo-5998457.jpeg ,https:\/\/mvc-carebridge.de\/wp-content\/uploads\/2026\/03\/pexels-photo-5998457.jpeg 780w, https:\/\/mvc-carebridge.de\/wp-content\/uploads\/2026\/03\/pexels-photo-5998457.jpeg 360w\" sizes=\"auto, (max-width: 480px) 150px\" src=\"https:\/\/mvc-carebridge.de\/wp-content\/uploads\/2026\/03\/pexels-photo-5998457.jpeg\" alt=\"A female doctor examining a child with a stethoscope during a pediatric check-up in a clinic.\" class=\"uag-image-677\" width=\"304\" height=\"350\" title=\"our story\" loading=\"lazy\" role=\"img\"\/><\/figure><\/div>\n<\/div><\/div>\n\n\n\n<div class=\"wp-block-uagb-container uagb-layout-grid uagb-block-c64f81cf alignfull uagb-is-root-container\"><div class=\"uagb-container-inner-blocks-wrap\">\n<div class=\"wp-block-uagb-container uagb-layout-grid uagb-block-8722a718\">\n<div class=\"wp-block-uagb-separator uagb-block-40a1bc74\"><div class=\"uagb-separator-spacing-wrapper\"><div class=\"wp-block-uagb-separator__inner\" style=\"--my-background-image:\"><\/div><\/div><\/div>\n\n\n\n<div class=\"wp-block-uagb-advanced-heading uagb-block-9e8fb678\"><h2 class=\"uagb-heading-text\">Our latest projects<\/h2><\/div>\n<\/div>\n\n\n\n<div class=\"wp-block-uagb-container uagb-layout-grid uagb-block-1993038c\">\n<div class=\"wp-block-uagb-image alignleft uagb-block-c5348d81 wp-block-uagb-image--layout-default wp-block-uagb-image--effect-static wp-block-uagb-image--align-left\"><figure class=\"wp-block-uagb-image__figure\"><img decoding=\"async\" srcset=\"https:\/\/mvc-carebridge.de\/wp-content\/uploads\/2026\/03\/pexels-photo-6129681.jpeg ,https:\/\/mvc-carebridge.de\/wp-content\/uploads\/2026\/03\/pexels-photo-6129681.jpeg 780w, https:\/\/mvc-carebridge.de\/wp-content\/uploads\/2026\/03\/pexels-photo-6129681.jpeg 360w\" sizes=\"auto, (max-width: 480px) 150px\" src=\"https:\/\/mvc-carebridge.de\/wp-content\/uploads\/2026\/03\/pexels-photo-6129681.jpeg\" alt=\"Doctors and nurse discussing patient&#039;s treatment in a hospital room.\" class=\"uag-image-678\" width=\"252\" height=\"348\" title=\"gallery-01\" loading=\"lazy\" role=\"img\"\/><\/figure><\/div>\n\n\n\n<div class=\"wp-block-uagb-image alignleft uagb-block-4a8d01db wp-block-uagb-image--layout-default wp-block-uagb-image--effect-static wp-block-uagb-image--align-left\"><figure class=\"wp-block-uagb-image__figure\"><img decoding=\"async\" srcset=\"https:\/\/mvc-carebridge.de\/wp-content\/uploads\/2026\/03\/pexels-photo-14438786.jpeg ,https:\/\/mvc-carebridge.de\/wp-content\/uploads\/2026\/03\/pexels-photo-14438786.jpeg 780w, https:\/\/mvc-carebridge.de\/wp-content\/uploads\/2026\/03\/pexels-photo-14438786.jpeg 360w\" sizes=\"auto, (max-width: 480px) 150px\" src=\"https:\/\/mvc-carebridge.de\/wp-content\/uploads\/2026\/03\/pexels-photo-14438786.jpeg\" alt=\"Portrait of male and female healthcare professionals in studio setting, wearing white coats.\" class=\"uag-image-665\" width=\"252\" height=\"252\" title=\"gallery-02\" loading=\"lazy\" role=\"img\"\/><\/figure><\/div>\n<\/div>\n<\/div><\/div>\n\n\n\n<div class=\"wp-block-uagb-container uagb-layout-flex uagb-block-807d08c9 alignfull uagb-is-root-container\"><div class=\"uagb-container-inner-blocks-wrap\">\n<div class=\"wp-block-uagb-container uagb-layout-grid uagb-block-5443772e\">\n<div class=\"wp-block-uagb-image alignleft uagb-block-58b67fa8 wp-block-uagb-image--layout-default wp-block-uagb-image--effect-static wp-block-uagb-image--align-left uag-blocks-common-selector\" style=\"--z-index-desktop:undefined;;--z-index-tablet:1;;--z-index-mobile:undefined;\"><figure class=\"wp-block-uagb-image__figure\"><img decoding=\"async\" srcset=\"https:\/\/mvc-carebridge.de\/wp-content\/uploads\/2026\/03\/pexels-photo-6129243.jpeg ,https:\/\/mvc-carebridge.de\/wp-content\/uploads\/2026\/03\/pexels-photo-6129243.jpeg 780w, https:\/\/mvc-carebridge.de\/wp-content\/uploads\/2026\/03\/pexels-photo-6129243.jpeg 360w\" sizes=\"auto, (max-width: 480px) 150px\" src=\"https:\/\/mvc-carebridge.de\/wp-content\/uploads\/2026\/03\/pexels-photo-6129243.jpeg\" alt=\"Doctor and nurse discussing patient care in a hospital setting\" class=\"uag-image-666\" width=\"504\" height=\"310\" title=\"gallery-03\" loading=\"lazy\" role=\"img\"\/><\/figure><\/div>\n\n\n\n<div class=\"wp-block-uagb-image alignleft uagb-block-2f065899 wp-block-uagb-image--layout-default wp-block-uagb-image--effect-static wp-block-uagb-image--align-left uag-blocks-common-selector\" style=\"--z-index-desktop:undefined;;--z-index-tablet:1;;--z-index-mobile:undefined;\"><figure class=\"wp-block-uagb-image__figure\"><img decoding=\"async\" srcset=\"https:\/\/mvc-carebridge.de\/wp-content\/uploads\/2026\/03\/pexels-photo-8376235-2.jpeg ,https:\/\/mvc-carebridge.de\/wp-content\/uploads\/2026\/03\/pexels-photo-8376235-2.jpeg 780w, https:\/\/mvc-carebridge.de\/wp-content\/uploads\/2026\/03\/pexels-photo-8376235-2.jpeg 360w\" sizes=\"auto, (max-width: 480px) 150px\" src=\"https:\/\/mvc-carebridge.de\/wp-content\/uploads\/2026\/03\/pexels-photo-8376235-2.jpeg\" alt=\"A young female doctor in a white coat on a video call, discussing medication with a patient.\" class=\"uag-image-738\" width=\"252\" height=\"250\" title=\"gallery-04\" loading=\"lazy\" role=\"img\"\/><\/figure><\/div>\n\n\n\n<div class=\"wp-block-uagb-image alignleft uagb-block-bbb51495 wp-block-uagb-image--layout-default wp-block-uagb-image--effect-static wp-block-uagb-image--align-left uag-blocks-common-selector\" style=\"--z-index-desktop:undefined;;--z-index-tablet:1;;--z-index-mobile:undefined;\"><figure class=\"wp-block-uagb-image__figure\"><img decoding=\"async\" srcset=\"https:\/\/mvc-carebridge.de\/wp-content\/uploads\/2026\/03\/pexels-photo-6129494.jpeg ,https:\/\/mvc-carebridge.de\/wp-content\/uploads\/2026\/03\/pexels-photo-6129494.jpeg 780w, https:\/\/mvc-carebridge.de\/wp-content\/uploads\/2026\/03\/pexels-photo-6129494.jpeg 360w\" sizes=\"auto, (max-width: 480px) 150px\" src=\"https:\/\/mvc-carebridge.de\/wp-content\/uploads\/2026\/03\/pexels-photo-6129494.jpeg\" alt=\"Group of diverse healthcare professionals posing confidently indoors.\" class=\"uag-image-668\" width=\"252\" height=\"252\" title=\"gallery-05\" loading=\"lazy\" role=\"img\"\/><\/figure><\/div>\n<\/div>\n<\/div><\/div>\n\n\n\n<div class=\"wp-block-uagb-container uagb-layout-grid uagb-block-73c947a3 alignfull uagb-is-root-container\"><div class=\"uagb-container-inner-blocks-wrap\">      \n\t\t\t<div class=\"uagb-icon-wrapper uagb-block-922aba4f  wp-block-uagb-icon--has-margin\"\n\t\t\tstyle=\"\" >\n\t\t\t\t\t\t\t\t<div class='uagb-icon-margin-wrapper'>\n\t\t\t\t\t\t\t\t\t<span class=\"uagb-svg-wrapper\" \n\t\t\t\t\t aria-label=\"quote-right\"\t\t\t\t\ttabindex=\"0\">\t\t\n\t\t\t\t\t\t\t\t\t\t<svg xmlns=\"https:\/\/www.w3.org\/2000\/svg\" viewbox= \"0 0 448 512\" role=\"graphics-symbol\" aria-hidden=\"false\" aria-label=\"\"><path d=\"M96 96C42.98 96 0 138.1 0 192s42.98 96 96 96c11.28 0 21.95-2.305 32-5.879V288c0 35.3-28.7 64-64 64c-17.67 0-32 14.33-32 32s14.33 32 32 32c70.58 0 128-57.42 128-128V192C192 138.1 149 96 96 96zM448 192c0-53.02-42.98-96-96-96s-96 42.98-96 96s42.98 96 96 96c11.28 0 21.95-2.305 32-5.879V288c0 35.3-28.7 64-64 64c-17.67 0-32 14.33-32 32s14.33 32 32 32c70.58 0 128-57.42 128-128V192z\"><\/path><\/svg>\n\t\t\t\t\t\t\t\t\t<\/span>\n\t\t\t\t\t\t\t\t<\/div>\n\t\t\t\t\t\t\t<\/div>\n\t\t\t\n\n\n<div class=\"wp-block-uagb-container uagb-block-b9ebf4c9\">\n<div class=\"wp-block-uagb-star-rating uagb-block-1256a104\"><div class=\"uag-star-rating\" title=\"5\/5\"><span class=\"uag-star\">\u2605<\/span><span class=\"uag-star\">\u2605<\/span><span class=\"uag-star\">\u2605<\/span><span class=\"uag-star\">\u2605<\/span><span class=\"uag-star\">\u2605<\/span><\/div><\/div>\n\n\n\n<div class=\"wp-block-uagb-testimonial uagb-slick-carousel uagb-tm__arrow-outside uagb-block-9d1d0e4f uagb-post__carousel_notset uagb-post__carousel_notset-tablet uagb-post__carousel_notset-mobile\"><div class=\"is-carousel uagb-tm__columns-1 uagb-tm__items\"><div class=\"uagb-testimonial__wrap  uagb-tm__imgicon-style-circle uagb-tm__image-position-bottom uagb-tm__bg-type-none\"><div class=\"uagb-tm__content\"><div class=\"uagb-tm__overlay\"><\/div><div class=\"uagb-tm__text-wrap\"><div class=\"uagb-tm__desc\">CareBridge&#039;s support was crucial for our growth in the healthcare sector. Highly recommended!<\/div><div class=\"uagb-tm__meta-inner\"><div class=\"uagb-tm__image-content\"><div class=\"uagb-tm__image\"><img decoding=\"async\" class=\"uagb-tm-img-src\" src=\"https:\/\/mvc-carebridge.de\/wp-content\/uploads\/2024\/08\/testimonial-skip-01.jpg\" alt=\"Testimonial Skip 01\" width=\"60\" height=\"60\" loading=\"lazy\" title=\"Home\"><\/div><\/div><div class=\"uagb-testimonial-details\"><span class=\"uagb-tm__author-name\">Anna M\u00fcller<\/span><span class=\"uagb-tm__company\"><\/span><\/div><\/div><\/div><\/div><\/div><\/div><\/div>\n<\/div>\n\n\n\n<div class=\"wp-block-uagb-container uagb-block-78f177b1\">\n<div class=\"wp-block-uagb-star-rating uagb-block-34acdd22\"><div class=\"uag-star-rating\" title=\"5\/5\"><span class=\"uag-star\">\u2605<\/span><span class=\"uag-star\">\u2605<\/span><span class=\"uag-star\">\u2605<\/span><span class=\"uag-star\">\u2605<\/span><span class=\"uag-star\">\u2605<\/span><\/div><\/div>\n\n\n\n<div class=\"wp-block-uagb-testimonial uagb-slick-carousel uagb-tm__arrow-outside uagb-block-ddadd72c uagb-post__carousel_notset uagb-post__carousel_notset-tablet uagb-post__carousel_notset-mobile\"><div class=\"is-carousel uagb-tm__columns-1 uagb-tm__items\"><div class=\"uagb-testimonial__wrap  uagb-tm__imgicon-style-circle uagb-tm__image-position-bottom uagb-tm__bg-type-none\"><div class=\"uagb-tm__content\"><div class=\"uagb-tm__overlay\"><\/div><div class=\"uagb-tm__text-wrap\"><div class=\"uagb-tm__desc\">Thanks to CareBridge, we were able to quickly find qualified employees who provide us with excellent support.<\/div><div class=\"uagb-tm__meta-inner\"><div class=\"uagb-testimonial-details\"><span class=\"uagb-tm__author-name\">Max Schmidt<\/span><span class=\"uagb-tm__company\"><\/span><\/div><\/div><\/div><\/div><\/div><\/div><\/div>\n<\/div>\n\n\n\n<div class=\"wp-block-uagb-container uagb-block-bfabd6fb\">\n<div class=\"wp-block-uagb-star-rating uagb-block-308b0d89\"><div class=\"uag-star-rating\" title=\"5\/5\"><span class=\"uag-star\">\u2605<\/span><span class=\"uag-star\">\u2605<\/span><span class=\"uag-star\">\u2605<\/span><span class=\"uag-star\">\u2605<\/span><span class=\"uag-star\">\u2605<\/span><\/div><\/div>\n\n\n\n<div class=\"wp-block-uagb-testimonial uagb-slick-carousel uagb-tm__arrow-outside uagb-block-2b6e61db uagb-post__carousel_notset uagb-post__carousel_notset-tablet uagb-post__carousel_notset-mobile\"><div class=\"is-carousel uagb-tm__columns-1 uagb-tm__items\"><div class=\"uagb-testimonial__wrap  uagb-tm__imgicon-style-circle uagb-tm__image-position-bottom uagb-tm__bg-type-none\"><div class=\"uagb-tm__content\"><div class=\"uagb-tm__overlay\"><\/div><div class=\"uagb-tm__text-wrap\"><div class=\"uagb-tm__desc\">We are very satisfied with the collaboration and the results. CareBridge has made a big difference.<\/div><div class=\"uagb-tm__meta-inner\"><div class=\"uagb-testimonial-details\"><span class=\"uagb-tm__author-name\">Julia Braun<\/span><span class=\"uagb-tm__company\"><\/span><\/div><\/div><\/div><\/div><\/div><\/div><\/div>\n<\/div>\n<\/div><\/div>\n\n\n\n<div class=\"wp-block-uagb-container uagb-layout-grid uagb-block-02c4e826 alignfull uagb-is-root-container\"><div class=\"uagb-container-inner-blocks-wrap\">      \n\t\t\t<div class=\"uagb-icon-wrapper uagb-block-35089def\"\n\t\t\tstyle=\"\" >\n\t\t\t\t\t\t\t\t\t<span class=\"uagb-svg-wrapper\" \n\t\t\t\t\t aria-label=\"chevron-right\"\t\t\t\t\ttabindex=\"0\">\t\t\n\t\t\t\t\t\t\t\t\t\t<svg xmlns=\"https:\/\/www.w3.org\/2000\/svg\" viewbox= \"0 0 320 512\" role=\"graphics-symbol\" aria-hidden=\"false\" aria-label=\"\"><path d=\"M96 480c-8.188 0-16.38-3.125-22.62-9.375c-12.5-12.5-12.5-32.75 0-45.25L242.8 256L73.38 86.63c-12.5-12.5-12.5-32.75 0-45.25s32.75-12.5 45.25 0l192 192c12.5 12.5 12.5 32.75 0 45.25l-192 192C112.4 476.9 104.2 480 96 480z\"><\/path><\/svg>\n\t\t\t\t\t\t\t\t\t<\/span>\n\t\t\t\t\t\t\t<\/div>\n\t\t\t\n\n\n<div class=\"wp-block-uagb-container uagb-block-4e905271\">\n<div class=\"wp-block-uagb-info-box uagb-block-e4835e24 uagb-infobox__content-wrap  uagb-infobox-icon-above-title uagb-infobox-image-valign-top\"><div class=\"uagb-ifb-content\"><div class=\"uagb-ifb-title-wrap\"><p class=\"uagb-ifb-title-prefix\">Would you like more?<\/p><h2 class=\"uagb-ifb-title\">Contact us for more information!<\/h2><\/div><p class=\"uagb-ifb-desc\">Learn how CareBridge can help you find the right talent for your team.<\/p><div class=\"uagb-ifb-button-wrapper wp-block-button\"><a href=\"\/contact\/\" class=\"uagb-infobox-cta-link wp-block-button__link\" target=\"_self\" rel=\"noopener noreferrer\" onclick=\"return true;\"><span class=\"uagb-inline-editing\">Start now<\/span><\/a><\/div><\/div><\/div>\n<\/div>\n<\/div><\/div>","protected":false},"excerpt":{"rendered":"<p>Unsere Dienstleistungen im \u00dcberblick Entdecken Sie unsere ma\u00dfgeschneiderten Dienstleistungen zur Unterst\u00fctzung von \u00c4rzten und Pflegeeinrichtungen in Deutschland. Medizinische Rekrutierung Digitale [&hellip;]<\/p>\n","protected":false},"author":1,"featured_media":0,"parent":0,"menu_order":0,"comment_status":"closed","ping_status":"closed","template":"","meta":{"_surecart_dashboard_logo_width":"180px","_surecart_dashboard_show_logo":true,"_surecart_dashboard_navigation_orders":true,"_surecart_dashboard_navigation_invoices":true,"_surecart_dashboard_navigation_subscriptions":true,"_surecart_dashboard_navigation_downloads":true,"_surecart_dashboard_navigation_billing":true,"_surecart_dashboard_navigation_account":true,"_uag_custom_page_level_css":"","site-sidebar-layout":"default","site-content-layout":"","ast-site-content-layout":"default","site-content-style":"default","site-sidebar-style":"default","ast-global-header-display":"","ast-banner-title-visibility":"","ast-main-header-display":"","ast-hfb-above-header-display":"","ast-hfb-below-header-display":"","ast-hfb-mobile-header-display":"","site-post-title":"disabled","ast-breadcrumbs-content":"","ast-featured-img":"","footer-sml-layout":"","ast-disable-related-posts":"","theme-transparent-header-meta":"enabled","adv-header-id-meta":"","stick-header-meta":"","header-above-stick-meta":"","header-main-stick-meta":"","header-below-stick-meta":"","astra-migrate-meta-layouts":"default","ast-page-background-enabled":"default","ast-page-background-meta":{"desktop":{"background-color":"var(--ast-global-color-4)","background-image":"","background-repeat":"repeat","background-position":"center center","background-size":"auto","background-attachment":"scroll","background-type":"","background-media":"","overlay-type":"","overlay-color":"","overlay-opacity":"","overlay-gradient":""},"tablet":{"background-color":"","background-image":"","background-repeat":"repeat","background-position":"center center","background-size":"auto","background-attachment":"scroll","background-type":"","background-media":"","overlay-type":"","overlay-color":"","overlay-opacity":"","overlay-gradient":""},"mobile":{"background-color":"","background-image":"","background-repeat":"repeat","background-position":"center center","background-size":"auto","background-attachment":"scroll","background-type":"","background-media":"","overlay-type":"","overlay-color":"","overlay-opacity":"","overlay-gradient":""}},"ast-content-background-meta":{"desktop":{"background-color":"var(--ast-global-color-5)","background-image":"","background-repeat":"repeat","background-position":"center center","background-size":"auto","background-attachment":"scroll","background-type":"","background-media":"","overlay-type":"","overlay-color":"","overlay-opacity":"","overlay-gradient":""},"tablet":{"background-color":"var(--ast-global-color-5)","background-image":"","background-repeat":"repeat","background-position":"center center","background-size":"auto","background-attachment":"scroll","background-type":"","background-media":"","overlay-type":"","overlay-color":"","overlay-opacity":"","overlay-gradient":""},"mobile":{"background-color":"var(--ast-global-color-5)","background-image":"","background-repeat":"repeat","background-position":"center center","background-size":"auto","background-attachment":"scroll","background-type":"","background-media":"","overlay-type":"","overlay-color":"","overlay-opacity":"","overlay-gradient":""}},"footnotes":""},"class_list":["post-289","page","type-page","status-publish","hentry"],"aioseo_notices":[],"uagb_featured_image_src":{"full":false,"thumbnail":false,"medium":false,"medium_large":false,"large":false,"1536x1536":false,"2048x2048":false,"trp-custom-language-flag":false,"woocommerce_thumbnail":false,"woocommerce_single":false,"woocommerce_gallery_thumbnail":false},"uagb_author_info":{"display_name":"admin","author_link":"https:\/\/mvc-carebridge.de\/en\/author\/admin\/"},"uagb_comment_info":0,"uagb_excerpt":"Unsere Dienstleistungen im \u00dcberblick Entdecken Sie unsere ma\u00dfgeschneiderten Dienstleistungen zur Unterst\u00fctzung von \u00c4rzten und Pflegeeinrichtungen in Deutschland. Medizinische Rekrutierung Digitale [&hellip;]","_links":{"self":[{"href":"https:\/\/mvc-carebridge.de\/en\/wp-json\/wp\/v2\/pages\/289","targetHints":{"allow":["GET"]}}],"collection":[{"href":"https:\/\/mvc-carebridge.de\/en\/wp-json\/wp\/v2\/pages"}],"about":[{"href":"https:\/\/mvc-carebridge.de\/en\/wp-json\/wp\/v2\/types\/page"}],"author":[{"embeddable":true,"href":"https:\/\/mvc-carebridge.de\/en\/wp-json\/wp\/v2\/users\/1"}],"replies":[{"embeddable":true,"href":"https:\/\/mvc-carebridge.de\/en\/wp-json\/wp\/v2\/comments?post=289"}],"version-history":[{"count":3,"href":"https:\/\/mvc-carebridge.de\/en\/wp-json\/wp\/v2\/pages\/289\/revisions"}],"predecessor-version":[{"id":810,"href":"https:\/\/mvc-carebridge.de\/en\/wp-json\/wp\/v2\/pages\/289\/revisions\/810"}],"wp:attachment":[{"href":"https:\/\/mvc-carebridge.de\/en\/wp-json\/wp\/v2\/media?parent=289"}],"curies":[{"name":"wp","href":"https:\/\/api.w.org\/{rel}","templated":true}]}}