{"id":765,"date":"2026-03-07T08:42:12","date_gmt":"2026-03-07T08:42:12","guid":{"rendered":"https:\/\/mvc-carebridge.de\/services-2\/"},"modified":"2026-03-07T08:42:51","modified_gmt":"2026-03-07T08:42:51","slug":"services-2","status":"publish","type":"page","link":"https:\/\/mvc-carebridge.de\/de_de\/services-2\/","title":{"rendered":"Services"},"content":{"rendered":"\n<div class=\"wp-block-uagb-container uagb-layout-grid uagb-block-60f464b0 alignfull uagb-is-root-container\"><div class=\"uagb-container-inner-blocks-wrap\">      \n\t\t\t<div class=\"uagb-icon-wrapper uagb-block-337c2941      \"\n\t\t\tstyle=\"\" >\n\t\t\t\t\t\t\t\t\t<span class=\"uagb-svg-wrapper\" \n\t\t\t\t\t aria-label=\"chevron-down\"\t\t\t\t\ttabindex=\"0\">\t\t\n\t\t\t\t\t\t\t\t\t\t<svg xmlns=\"https:\/\/www.w3.org\/2000\/svg\" viewBox= \"0 0 448 512\" role=\"graphics-symbol\" aria-hidden=\"false\" aria-label=\"\"><path d=\"M224 416c-8.188 0-16.38-3.125-22.62-9.375l-192-192c-12.5-12.5-12.5-32.75 0-45.25s32.75-12.5 45.25 0L224 338.8l169.4-169.4c12.5-12.5 32.75-12.5 45.25 0s12.5 32.75 0 45.25l-192 192C240.4 412.9 232.2 416 224 416z\"><\/path><\/svg>\n\t\t\t\t\t\t\t\t\t<\/span>\n\t\t\t\t\t\t\t<\/div>\n\t\t\t\n\n\n<div class=\"wp-block-uagb-image uagb-block-58752c0c wp-block-uagb-image--layout-default wp-block-uagb-image--effect-static wp-block-uagb-image--align-none\"><figure class=\"wp-block-uagb-image__figure\"><img decoding=\"async\" srcset=\"https:\/\/mvc-carebridge.de\/wp-content\/uploads\/2026\/03\/pexels-photo-6129681.jpeg ,https:\/\/mvc-carebridge.de\/wp-content\/uploads\/2026\/03\/pexels-photo-6129681.jpeg 780w, https:\/\/mvc-carebridge.de\/wp-content\/uploads\/2026\/03\/pexels-photo-6129681.jpeg 360w\" sizes=\"auto, (max-width: 480px) 150px\" src=\"https:\/\/mvc-carebridge.de\/wp-content\/uploads\/2026\/03\/pexels-photo-6129681.jpeg\" alt=\"Doctors and nurse discussing patient&#039;s treatment in a hospital room.\" class=\"uag-image-678\" width=\"304\" height=\"330\" title=\"services-img\" loading=\"lazy\" role=\"img\"\/><\/figure><\/div>\n\n\n\n<div class=\"wp-block-uagb-advanced-heading uagb-block-14365051\"><h1 class=\"uagb-heading-text\">Umfassende Unterst\u00fctzung f\u00fcr Gesundheitsdienstleister<\/h1><\/div>\n<\/div><\/div>\n\n\n\n<div class=\"wp-block-uagb-container uagb-block-4806a78e alignfull uagb-is-root-container\"><div class=\"uagb-container-inner-blocks-wrap\">\n<div class=\"wp-block-uagb-container uagb-layout-grid uagb-block-db7da9e9\">\n<div class=\"wp-block-uagb-separator uagb-block-f5959e00\"><div class=\"uagb-separator-spacing-wrapper\"><div class=\"wp-block-uagb-separator__inner\" style=\"--my-background-image:\"><\/div><\/div><\/div>\n\n\n\n<div class=\"wp-block-uagb-advanced-heading uagb-block-9f14b116\"><h2 class=\"uagb-heading-text\">Medizinische Rekrutierung<\/h2><p class=\"uagb-desc-text\">Wir helfen Ihnen, die besten Talente aus den Philippinen f\u00fcr Ihre medizinischen Einrichtungen zu finden. Unser Rekrutierungsprozess gew\u00e4hrleistet eine schnelle und effiziente Anmeldung qualifizierter Fachkr\u00e4fte, um Ihren Bed\u00fcrfnissen gerecht zu werden.<\/p><\/div>\n\n\n\n<div class=\"wp-block-uagb-image alignright uagb-block-01dee43a wp-block-uagb-image--layout-default wp-block-uagb-image--effect-static wp-block-uagb-image--align-right\"><figure class=\"wp-block-uagb-image__figure\"><img decoding=\"async\" srcset=\"https:\/\/mvc-carebridge.de\/wp-content\/uploads\/2026\/03\/pexels-photo-14438786.jpeg ,https:\/\/mvc-carebridge.de\/wp-content\/uploads\/2026\/03\/pexels-photo-14438786.jpeg 780w, https:\/\/mvc-carebridge.de\/wp-content\/uploads\/2026\/03\/pexels-photo-14438786.jpeg 360w\" sizes=\"auto, (max-width: 480px) 150px\" src=\"https:\/\/mvc-carebridge.de\/wp-content\/uploads\/2026\/03\/pexels-photo-14438786.jpeg\" alt=\"Portrait of male and female healthcare professionals in studio setting, wearing white coats.\" class=\"uag-image-665\" width=\"552\" height=\"285\" title=\"services-01\" loading=\"lazy\" role=\"img\"\/><\/figure><\/div>\n<\/div>\n\n\n\n<div class=\"wp-block-uagb-container uagb-layout-grid uagb-block-54de3969\">\n<div class=\"wp-block-uagb-separator uagb-block-9e7a15f0\"><div class=\"uagb-separator-spacing-wrapper\"><div class=\"wp-block-uagb-separator__inner\" style=\"--my-background-image:\"><\/div><\/div><\/div>\n\n\n\n<div class=\"wp-block-uagb-advanced-heading uagb-block-68debd6e\"><h2 class=\"uagb-heading-text\">Digitale L\u00f6sungen<\/h2><p class=\"uagb-desc-text\">CareBridge bietet digitale Unterst\u00fctzung, die \u00c4rzte und Pflegeeinrichtungen in der t\u00e4glichen Arbeit entlastet. Unsere innovativen Tools sorgen f\u00fcr mehr Effizienz und helfen dabei, die Patientenversorgung zu optimieren und administrative Abl\u00e4ufe zu verbessern.<\/p><\/div>\n\n\n\n<div class=\"wp-block-uagb-image alignright uagb-block-ac05cb28 wp-block-uagb-image--layout-default wp-block-uagb-image--effect-static wp-block-uagb-image--align-right\"><figure class=\"wp-block-uagb-image__figure\"><img decoding=\"async\" srcset=\"https:\/\/mvc-carebridge.de\/wp-content\/uploads\/2026\/03\/pexels-photo-6129243.jpeg ,https:\/\/mvc-carebridge.de\/wp-content\/uploads\/2026\/03\/pexels-photo-6129243.jpeg 780w, https:\/\/mvc-carebridge.de\/wp-content\/uploads\/2026\/03\/pexels-photo-6129243.jpeg 360w\" sizes=\"auto, (max-width: 480px) 150px\" src=\"https:\/\/mvc-carebridge.de\/wp-content\/uploads\/2026\/03\/pexels-photo-6129243.jpeg\" alt=\"Doctor and nurse discussing patient care in a hospital setting\" class=\"uag-image-666\" width=\"552\" height=\"285\" title=\"services-02\" loading=\"lazy\" role=\"img\"\/><\/figure><\/div>\n<\/div>\n\n\n\n<div class=\"wp-block-uagb-container uagb-layout-grid uagb-block-1e7d9701\">\n<div class=\"wp-block-uagb-separator uagb-block-fc6c7be0\"><div class=\"uagb-separator-spacing-wrapper\"><div class=\"wp-block-uagb-separator__inner\" style=\"--my-background-image:\"><\/div><\/div><\/div>\n\n\n\n<div class=\"wp-block-uagb-advanced-heading uagb-block-a9a04bad\"><h2 class=\"uagb-heading-text\">Faire Verg\u00fctungssysteme<\/h2><p class=\"uagb-desc-text\">Wir setzen auf ein transparentes und faires Verg\u00fctungssystem. Unsere St\u00fccklohnzahlungen f\u00f6rdern die Motivation und Zufriedenheit der Mitarbeiter, was sich positiv auf die Qualit\u00e4t der Pflege und die Patientenerfahrung auswirkt.<\/p><\/div>\n\n\n\n<div class=\"wp-block-uagb-image alignright uagb-block-c5755b26 wp-block-uagb-image--layout-default wp-block-uagb-image--effect-static wp-block-uagb-image--align-right\"><figure class=\"wp-block-uagb-image__figure\"><img decoding=\"async\" srcset=\"https:\/\/mvc-carebridge.de\/wp-content\/uploads\/2026\/03\/pexels-photo-8376235-2.jpeg ,https:\/\/mvc-carebridge.de\/wp-content\/uploads\/2026\/03\/pexels-photo-8376235-2.jpeg 780w, https:\/\/mvc-carebridge.de\/wp-content\/uploads\/2026\/03\/pexels-photo-8376235-2.jpeg 360w\" sizes=\"auto, (max-width: 480px) 150px\" src=\"https:\/\/mvc-carebridge.de\/wp-content\/uploads\/2026\/03\/pexels-photo-8376235-2.jpeg\" alt=\"A young female doctor in a white coat on a video call, discussing medication with a patient.\" class=\"uag-image-738\" width=\"552\" height=\"285\" title=\"services-03\" loading=\"lazy\" role=\"img\"\/><\/figure><\/div>\n<\/div>\n\n\n\n<div class=\"wp-block-uagb-container uagb-layout-grid uagb-block-4e156311\">\n<div class=\"wp-block-uagb-separator uagb-block-9c659275\"><div class=\"uagb-separator-spacing-wrapper\"><div class=\"wp-block-uagb-separator__inner\" style=\"--my-background-image:\"><\/div><\/div><\/div>\n\n\n\n<div class=\"wp-block-uagb-advanced-heading uagb-block-c1076dea\"><h2 class=\"uagb-heading-text\">Kulturelle Integration<\/h2><p class=\"uagb-desc-text\">Wir unterst\u00fctzen die kulturelle Integration von philippinischen Fachkr\u00e4ften in den deutschen Gesundheitsmarkt. Durch Schulungen und interkulturelle Programme f\u00f6rdern wir ein harmonisches Arbeitsumfeld und verbessern die Kommunikation zwischen den Teams.<\/p><\/div>\n\n\n\n<div class=\"wp-block-uagb-image alignright uagb-block-e7588921 wp-block-uagb-image--layout-default wp-block-uagb-image--effect-static wp-block-uagb-image--align-right\"><figure class=\"wp-block-uagb-image__figure\"><img decoding=\"async\" srcset=\"https:\/\/mvc-carebridge.de\/wp-content\/uploads\/2026\/03\/pexels-photo-6129494.jpeg ,https:\/\/mvc-carebridge.de\/wp-content\/uploads\/2026\/03\/pexels-photo-6129494.jpeg 780w, https:\/\/mvc-carebridge.de\/wp-content\/uploads\/2026\/03\/pexels-photo-6129494.jpeg 360w\" sizes=\"auto, (max-width: 480px) 150px\" src=\"https:\/\/mvc-carebridge.de\/wp-content\/uploads\/2026\/03\/pexels-photo-6129494.jpeg\" alt=\"Group of diverse healthcare professionals posing confidently indoors.\" class=\"uag-image-668\" width=\"552\" height=\"285\" title=\"services-04\" loading=\"lazy\" role=\"img\"\/><\/figure><\/div>\n<\/div>\n<\/div><\/div>\n\n\n\n<div class=\"wp-block-uagb-container uagb-layout-grid uagb-block-02c4e826 alignfull uagb-is-root-container\"><div class=\"uagb-container-inner-blocks-wrap\">      \n\t\t\t<div class=\"uagb-icon-wrapper uagb-block-35089def      \"\n\t\t\tstyle=\"\" >\n\t\t\t\t\t\t\t\t\t<span class=\"uagb-svg-wrapper\" \n\t\t\t\t\t aria-label=\"chevron-right\"\t\t\t\t\ttabindex=\"0\">\t\t\n\t\t\t\t\t\t\t\t\t\t<svg xmlns=\"https:\/\/www.w3.org\/2000\/svg\" viewBox= \"0 0 320 512\" role=\"graphics-symbol\" aria-hidden=\"false\" aria-label=\"\"><path d=\"M96 480c-8.188 0-16.38-3.125-22.62-9.375c-12.5-12.5-12.5-32.75 0-45.25L242.8 256L73.38 86.63c-12.5-12.5-12.5-32.75 0-45.25s32.75-12.5 45.25 0l192 192c12.5 12.5 12.5 32.75 0 45.25l-192 192C112.4 476.9 104.2 480 96 480z\"><\/path><\/svg>\n\t\t\t\t\t\t\t\t\t<\/span>\n\t\t\t\t\t\t\t<\/div>\n\t\t\t\n\n\n<div class=\"wp-block-uagb-container uagb-block-4e905271\">\n<div class=\"wp-block-uagb-info-box uagb-block-e4835e24 uagb-infobox__content-wrap  uagb-infobox-icon-above-title uagb-infobox-image-valign-top\"><div class=\"uagb-ifb-content\"><div class=\"uagb-ifb-title-wrap\"><p class=\"uagb-ifb-title-prefix\">M\u00f6chten Sie mehr?<\/p><h2 class=\"uagb-ifb-title\">Kontaktieren Sie uns f\u00fcr weitere Informationen!<\/h2><\/div><p class=\"uagb-ifb-desc\">Erfahren Sie, wie CareBridge Ihnen helfen kann, die richtigen Talente f\u00fcr Ihr Team zu finden.<\/p><div class=\"uagb-ifb-button-wrapper wp-block-button\"><a href=\"\/contact\/\" class=\"uagb-infobox-cta-link wp-block-button__link\" target=\"_self\" rel=\"noopener noreferrer\" onclick=\"return true;\"><span class=\"uagb-inline-editing\">Jetzt starten<\/span><\/a><\/div><\/div><\/div>\n<\/div>\n<\/div><\/div>\n","protected":false},"excerpt":{"rendered":"<p>Umfassende Unterst\u00fctzung f\u00fcr Gesundheitsdienstleister Medizinische Rekrutierung Wir helfen Ihnen, die besten Talente aus den Philippinen f\u00fcr Ihre medizinischen Einrichtungen zu [&hellip;]<\/p>\n","protected":false},"author":1,"featured_media":0,"parent":0,"menu_order":0,"comment_status":"closed","ping_status":"closed","template":"","meta":{"_surecart_dashboard_logo_width":"180px","_surecart_dashboard_show_logo":true,"_surecart_dashboard_navigation_orders":true,"_surecart_dashboard_navigation_invoices":true,"_surecart_dashboard_navigation_subscriptions":true,"_surecart_dashboard_navigation_downloads":true,"_surecart_dashboard_navigation_billing":true,"_surecart_dashboard_navigation_account":true,"_uag_custom_page_level_css":"","site-sidebar-layout":"default","site-content-layout":"","ast-site-content-layout":"default","site-content-style":"default","site-sidebar-style":"default","ast-global-header-display":"","ast-banner-title-visibility":"","ast-main-header-display":"","ast-hfb-above-header-display":"","ast-hfb-below-header-display":"","ast-hfb-mobile-header-display":"","site-post-title":"disabled","ast-breadcrumbs-content":"","ast-featured-img":"","footer-sml-layout":"","ast-disable-related-posts":"","theme-transparent-header-meta":"enabled","adv-header-id-meta":"","stick-header-meta":"","header-above-stick-meta":"","header-main-stick-meta":"","header-below-stick-meta":"","astra-migrate-meta-layouts":"default","ast-page-background-enabled":"default","ast-page-background-meta":{"desktop":{"background-color":"var(--ast-global-color-4)","background-image":"","background-repeat":"repeat","background-position":"center center","background-size":"auto","background-attachment":"scroll","background-type":"","background-media":"","overlay-type":"","overlay-color":"","overlay-opacity":"","overlay-gradient":""},"tablet":{"background-color":"","background-image":"","background-repeat":"repeat","background-position":"center center","background-size":"auto","background-attachment":"scroll","background-type":"","background-media":"","overlay-type":"","overlay-color":"","overlay-opacity":"","overlay-gradient":""},"mobile":{"background-color":"","background-image":"","background-repeat":"repeat","background-position":"center center","background-size":"auto","background-attachment":"scroll","background-type":"","background-media":"","overlay-type":"","overlay-color":"","overlay-opacity":"","overlay-gradient":""}},"ast-content-background-meta":{"desktop":{"background-color":"var(--ast-global-color-5)","background-image":"","background-repeat":"repeat","background-position":"center center","background-size":"auto","background-attachment":"scroll","background-type":"","background-media":"","overlay-type":"","overlay-color":"","overlay-opacity":"","overlay-gradient":""},"tablet":{"background-color":"var(--ast-global-color-5)","background-image":"","background-repeat":"repeat","background-position":"center center","background-size":"auto","background-attachment":"scroll","background-type":"","background-media":"","overlay-type":"","overlay-color":"","overlay-opacity":"","overlay-gradient":""},"mobile":{"background-color":"var(--ast-global-color-5)","background-image":"","background-repeat":"repeat","background-position":"center center","background-size":"auto","background-attachment":"scroll","background-type":"","background-media":"","overlay-type":"","overlay-color":"","overlay-opacity":"","overlay-gradient":""}},"footnotes":""},"class_list":["post-765","page","type-page","status-publish","hentry"],"aioseo_notices":[],"uagb_featured_image_src":{"full":false,"thumbnail":false,"medium":false,"medium_large":false,"large":false,"1536x1536":false,"2048x2048":false,"trp-custom-language-flag":false,"woocommerce_thumbnail":false,"woocommerce_single":false,"woocommerce_gallery_thumbnail":false},"uagb_author_info":{"display_name":"admin","author_link":"https:\/\/mvc-carebridge.de\/de_de\/author\/admin\/"},"uagb_comment_info":0,"uagb_excerpt":"Umfassende Unterst\u00fctzung f\u00fcr Gesundheitsdienstleister Medizinische Rekrutierung Wir helfen Ihnen, die besten Talente aus den Philippinen f\u00fcr Ihre medizinischen Einrichtungen zu [&hellip;]","_links":{"self":[{"href":"https:\/\/mvc-carebridge.de\/de_de\/wp-json\/wp\/v2\/pages\/765","targetHints":{"allow":["GET"]}}],"collection":[{"href":"https:\/\/mvc-carebridge.de\/de_de\/wp-json\/wp\/v2\/pages"}],"about":[{"href":"https:\/\/mvc-carebridge.de\/de_de\/wp-json\/wp\/v2\/types\/page"}],"author":[{"embeddable":true,"href":"https:\/\/mvc-carebridge.de\/de_de\/wp-json\/wp\/v2\/users\/1"}],"replies":[{"embeddable":true,"href":"https:\/\/mvc-carebridge.de\/de_de\/wp-json\/wp\/v2\/comments?post=765"}],"version-history":[{"count":3,"href":"https:\/\/mvc-carebridge.de\/de_de\/wp-json\/wp\/v2\/pages\/765\/revisions"}],"predecessor-version":[{"id":805,"href":"https:\/\/mvc-carebridge.de\/de_de\/wp-json\/wp\/v2\/pages\/765\/revisions\/805"}],"wp:attachment":[{"href":"https:\/\/mvc-carebridge.de\/de_de\/wp-json\/wp\/v2\/media?parent=765"}],"curies":[{"name":"wp","href":"https:\/\/api.w.org\/{rel}","templated":true}]}}