{"id":290,"date":"2026-03-07T08:35:16","date_gmt":"2026-03-07T08:35:16","guid":{"rendered":"https:\/\/mvc-carebridge.de\/about\/"},"modified":"2026-03-07T08:43:02","modified_gmt":"2026-03-07T08:43:02","slug":"about","status":"publish","type":"page","link":"https:\/\/mvc-carebridge.de\/de_de\/about\/","title":{"rendered":"About"},"content":{"rendered":"\n<div class=\"wp-block-uagb-container uagb-layout-grid uagb-block-60f464b0 alignfull uagb-is-root-container\"><div class=\"uagb-container-inner-blocks-wrap\">      \n\t\t\t<div class=\"uagb-icon-wrapper uagb-block-337c2941      \"\n\t\t\tstyle=\"\" >\n\t\t\t\t\t\t\t\t\t<span class=\"uagb-svg-wrapper\" \n\t\t\t\t\t aria-label=\"chevron-down\"\t\t\t\t\ttabindex=\"0\">\t\t\n\t\t\t\t\t\t\t\t\t\t<svg xmlns=\"https:\/\/www.w3.org\/2000\/svg\" viewBox= \"0 0 448 512\" role=\"graphics-symbol\" aria-hidden=\"false\" aria-label=\"\"><path d=\"M224 416c-8.188 0-16.38-3.125-22.62-9.375l-192-192c-12.5-12.5-12.5-32.75 0-45.25s32.75-12.5 45.25 0L224 338.8l169.4-169.4c12.5-12.5 32.75-12.5 45.25 0s12.5 32.75 0 45.25l-192 192C240.4 412.9 232.2 416 224 416z\"><\/path><\/svg>\n\t\t\t\t\t\t\t\t\t<\/span>\n\t\t\t\t\t\t\t<\/div>\n\t\t\t\n\n\n<div class=\"wp-block-uagb-image uagb-block-58752c0c wp-block-uagb-image--layout-default wp-block-uagb-image--effect-static wp-block-uagb-image--align-none\"><figure class=\"wp-block-uagb-image__figure\"><img decoding=\"async\" srcset=\"https:\/\/mvc-carebridge.de\/wp-content\/uploads\/2026\/03\/pexels-photo-6129243.jpeg ,https:\/\/mvc-carebridge.de\/wp-content\/uploads\/2026\/03\/pexels-photo-6129243.jpeg 780w, https:\/\/mvc-carebridge.de\/wp-content\/uploads\/2026\/03\/pexels-photo-6129243.jpeg 360w\" sizes=\"auto, (max-width: 480px) 150px\" src=\"https:\/\/mvc-carebridge.de\/wp-content\/uploads\/2026\/03\/pexels-photo-6129243.jpeg\" alt=\"Doctor and nurse discussing patient care in a hospital setting\" class=\"uag-image-666\" width=\"304\" height=\"330\" title=\"about-img\" loading=\"lazy\" role=\"img\"\/><\/figure><\/div>\n\n\n\n<div class=\"wp-block-uagb-advanced-heading uagb-block-1a02e77d\"><h1 class=\"uagb-heading-text\">Ihre Br\u00fccke zu qualifizierten Talenten im Gesundheitswesen<\/h1><\/div>\n<\/div><\/div>\n\n\n\n<div class=\"wp-block-uagb-container uagb-layout-grid uagb-block-8d60b172 alignfull uagb-is-root-container\"><div class=\"uagb-container-inner-blocks-wrap\">\n<div class=\"wp-block-uagb-separator uagb-block-f5959e00\"><div class=\"uagb-separator-spacing-wrapper\"><div class=\"wp-block-uagb-separator__inner\" style=\"--my-background-image:\"><\/div><\/div><\/div>\n\n\n\n<div class=\"wp-block-uagb-advanced-heading uagb-block-77d24e2b\"><h2 class=\"uagb-heading-text\">\u00dcber CareBridge &#8211; Ihre Partner im Gesundheitswesen<\/h2><\/div>\n\n\n\n<div class=\"wp-block-uagb-container uagb-block-2fe8b1bc\">\n<div class=\"wp-block-uagb-advanced-heading uagb-block-10f5d053\"><p class=\"uagb-heading-text\">CareBridge ist Ihr verl\u00e4sslicher Partner, der Talente aus den Philippinen mit dem deutschen Gesundheitsmarkt verbindet. Unser Fokus liegt auf digitaler Unterst\u00fctzung f\u00fcr medizinische Fachkr\u00e4fte sowie auf einer fairen Bezahlung f\u00fcr unsere Bewerber, um eine nachhaltige Zusammenarbeit zu f\u00f6rdern.<\/p><p class=\"uagb-desc-text\">Durch unsere Dienstleistungen haben wir zahlreichen Einrichtungen geholfen, qualifiziertes Personal erfolgreich zu gewinnen.<\/p><\/div>\n\n\n\n<div class=\"wp-block-uagb-image uagb-block-d72ff795 wp-block-uagb-image--layout-default wp-block-uagb-image--effect-static wp-block-uagb-image--align-none\"><figure class=\"wp-block-uagb-image__figure\"><img decoding=\"async\" srcset=\"https:\/\/mvc-carebridge.de\/wp-content\/uploads\/2026\/03\/pexels-photo-8376235-2.jpeg ,https:\/\/mvc-carebridge.de\/wp-content\/uploads\/2026\/03\/pexels-photo-8376235-2.jpeg 780w, https:\/\/mvc-carebridge.de\/wp-content\/uploads\/2026\/03\/pexels-photo-8376235-2.jpeg 360w\" sizes=\"auto, (max-width: 480px) 150px\" src=\"https:\/\/mvc-carebridge.de\/wp-content\/uploads\/2026\/03\/pexels-photo-8376235-2.jpeg\" alt=\"A young female doctor in a white coat on a video call, discussing medication with a patient.\" class=\"uag-image-738\" width=\"504\" height=\"300\" title=\"trusted-partner\" loading=\"lazy\" role=\"img\"\/><\/figure><\/div>\n<\/div>\n<\/div><\/div>\n\n\n\n<div class=\"wp-block-uagb-container uagb-layout-grid uagb-block-cabc36b7 alignfull uagb-is-root-container\"><div class=\"uagb-container-inner-blocks-wrap\">      \n\t\t\t<div class=\"uagb-icon-wrapper uagb-block-be37fdd4      \"\n\t\t\tstyle=\"\" >\n\t\t\t\t\t\t\t\t\t<span class=\"uagb-svg-wrapper\" \n\t\t\t\t\t aria-label=\"chevron-right\"\t\t\t\t\ttabindex=\"0\">\t\t\n\t\t\t\t\t\t\t\t\t\t<svg xmlns=\"https:\/\/www.w3.org\/2000\/svg\" viewBox= \"0 0 320 512\" role=\"graphics-symbol\" aria-hidden=\"false\" aria-label=\"\"><path d=\"M96 480c-8.188 0-16.38-3.125-22.62-9.375c-12.5-12.5-12.5-32.75 0-45.25L242.8 256L73.38 86.63c-12.5-12.5-12.5-32.75 0-45.25s32.75-12.5 45.25 0l192 192c12.5 12.5 12.5 32.75 0 45.25l-192 192C112.4 476.9 104.2 480 96 480z\"><\/path><\/svg>\n\t\t\t\t\t\t\t\t\t<\/span>\n\t\t\t\t\t\t\t<\/div>\n\t\t\t\n\n\n<div class=\"wp-block-uagb-image uagb-block-00e2be4c wp-block-uagb-image--layout-default wp-block-uagb-image--effect-static wp-block-uagb-image--align-none uag-blocks-common-selector\" style=\"--z-index-desktop:1;;--z-index-tablet:1;;--z-index-mobile:undefined;\"><figure class=\"wp-block-uagb-image__figure\"><img decoding=\"async\" srcset=\"https:\/\/mvc-carebridge.de\/wp-content\/uploads\/2026\/03\/pexels-photo-6129494.jpeg ,https:\/\/mvc-carebridge.de\/wp-content\/uploads\/2026\/03\/pexels-photo-6129494.jpeg 780w, https:\/\/mvc-carebridge.de\/wp-content\/uploads\/2026\/03\/pexels-photo-6129494.jpeg 360w\" sizes=\"auto, (max-width: 480px) 150px\" src=\"https:\/\/mvc-carebridge.de\/wp-content\/uploads\/2026\/03\/pexels-photo-6129494.jpeg\" alt=\"Group of diverse healthcare professionals posing confidently indoors.\" class=\"uag-image-668\" width=\"304\" height=\"405\" title=\"vision\" loading=\"lazy\" role=\"img\"\/><\/figure><\/div>\n\n\n\n<div class=\"wp-block-uagb-container uag-blocks-common-selector uagb-block-c7c59b2e\">\n<div class=\"wp-block-uagb-info-box uagb-block-cdce3f95 uagb-infobox__content-wrap  uagb-infobox-icon-above-title uagb-infobox-image-valign-top\"><div class=\"uagb-ifb-content\"><div class=\"uagb-ifb-icon-wrap\"><svg xmlns=\"https:\/\/www.w3.org\/2000\/svg\" viewBox=\"0 0 448 512\"><path d=\"M96 96C42.98 96 0 138.1 0 192s42.98 96 96 96c11.28 0 21.95-2.305 32-5.879V288c0 35.3-28.7 64-64 64c-17.67 0-32 14.33-32 32s14.33 32 32 32c70.58 0 128-57.42 128-128V192C192 138.1 149 96 96 96zM448 192c0-53.02-42.98-96-96-96s-96 42.98-96 96s42.98 96 96 96c11.28 0 21.95-2.305 32-5.879V288c0 35.3-28.7 64-64 64c-17.67 0-32 14.33-32 32s14.33 32 32 32c70.58 0 128-57.42 128-128V192z\"><\/path><\/svg><\/div><div class=\"uagb-ifb-title-wrap\"><h3 class=\"uagb-ifb-title\">Wir glauben an die Kraft der Vielfalt, um den Gesundheitsmarkt zu st\u00e4rken.<\/h3><\/div><p class=\"uagb-ifb-desc\">Max M\u00fcller, Gesch\u00e4ftsf\u00fchrer<\/p><\/div><\/div>\n<\/div>\n<\/div><\/div>\n\n\n\n<div class=\"wp-block-uagb-container uagb-layout-grid uagb-block-c64f81cf alignfull uagb-is-root-container\"><div class=\"uagb-container-inner-blocks-wrap\">\n<div class=\"wp-block-uagb-container uagb-layout-grid uagb-block-8722a718\">\n<div class=\"wp-block-uagb-separator uagb-block-40a1bc74\"><div class=\"uagb-separator-spacing-wrapper\"><div class=\"wp-block-uagb-separator__inner\" style=\"--my-background-image:\"><\/div><\/div><\/div>\n\n\n\n<div class=\"wp-block-uagb-advanced-heading uagb-block-9e8fb678\"><h2 class=\"uagb-heading-text\">Mit einer starken Vernetzung und digitaler Expertise revolutionieren wir die Rekrutierung im Gesundheitswesen f\u00fcr eine bessere Patientenversorgung.<\/h2><\/div>\n<\/div>\n\n\n\n<div class=\"wp-block-uagb-image alignleft uagb-block-c5348d81 wp-block-uagb-image--layout-default wp-block-uagb-image--effect-static wp-block-uagb-image--align-left\"><figure class=\"wp-block-uagb-image__figure\"><img decoding=\"async\" srcset=\"https:\/\/mvc-carebridge.de\/wp-content\/uploads\/2026\/03\/pexels-photo-6129657.jpeg ,https:\/\/mvc-carebridge.de\/wp-content\/uploads\/2026\/03\/pexels-photo-6129657.jpeg 780w, https:\/\/mvc-carebridge.de\/wp-content\/uploads\/2026\/03\/pexels-photo-6129657.jpeg 360w\" sizes=\"auto, (max-width: 480px) 150px\" src=\"https:\/\/mvc-carebridge.de\/wp-content\/uploads\/2026\/03\/pexels-photo-6129657.jpeg\" alt=\"Medical professionals discussing patient care in a hospital hallway.\" class=\"uag-image-669\" width=\"504\" height=\"500\" title=\"journey-01\" loading=\"lazy\" role=\"img\"\/><\/figure><\/div>\n<\/div><\/div>\n\n\n\n<div class=\"wp-block-uagb-container uagb-layout-grid uagb-block-807d08c9 alignfull uagb-is-root-container\"><div class=\"uagb-container-inner-blocks-wrap\">\n<div class=\"wp-block-uagb-container uagb-block-5443772e\">\n<div class=\"wp-block-uagb-image alignright uagb-block-58b67fa8 wp-block-uagb-image--layout-default wp-block-uagb-image--effect-static wp-block-uagb-image--align-right uag-blocks-common-selector\" style=\"--z-index-desktop:undefined;;--z-index-tablet:1;;--z-index-mobile:undefined;\"><figure class=\"wp-block-uagb-image__figure\"><img decoding=\"async\" srcset=\"https:\/\/mvc-carebridge.de\/wp-content\/uploads\/2026\/03\/pexels-photo-4386498.jpeg ,https:\/\/mvc-carebridge.de\/wp-content\/uploads\/2026\/03\/pexels-photo-4386498.jpeg 780w, https:\/\/mvc-carebridge.de\/wp-content\/uploads\/2026\/03\/pexels-photo-4386498.jpeg 360w\" sizes=\"auto, (max-width: 480px) 150px\" src=\"https:\/\/mvc-carebridge.de\/wp-content\/uploads\/2026\/03\/pexels-photo-4386498.jpeg\" alt=\"From above arrangement of red heart shapes placed on blue background with THANK YOU NURSES inscription\" class=\"uag-image-670\" width=\"504\" height=\"270\" title=\"journey-02\" loading=\"lazy\" role=\"img\"\/><\/figure><\/div>\n<\/div>\n\n\n\n<div class=\"wp-block-uagb-advanced-heading uagb-block-eb224300\"><h2 class=\"uagb-heading-text\">Die Geschichte von CareBridge: Ein Weg zur Ver\u00e4nderung<\/h2><p class=\"uagb-desc-text\">Gegr\u00fcndet mit der Mission, den deutschen Gesundheitsmarkt mit talentierten Fachkr\u00e4ften aus den Philippinen zu verbinden, hat CareBridge kontinuierlich Br\u00fccken gebaut, um innovative L\u00f6sungen und eine exzellente Patientenversorgung zu erm\u00f6glichen. Unser Engagement f\u00fcr digitale Technologien und faire Arbeitspraktiken hat uns zur ersten Wahl f\u00fcr viele medizinische Einrichtungen gemacht.<\/p><\/div>\n<\/div><\/div>\n\n\n\n<div class=\"wp-block-uagb-container uagb-layout-grid uagb-block-02c4e826 alignfull uagb-is-root-container\"><div class=\"uagb-container-inner-blocks-wrap\">      \n\t\t\t<div class=\"uagb-icon-wrapper uagb-block-35089def      \"\n\t\t\tstyle=\"\" >\n\t\t\t\t\t\t\t\t\t<span class=\"uagb-svg-wrapper\" \n\t\t\t\t\t aria-label=\"chevron-right\"\t\t\t\t\ttabindex=\"0\">\t\t\n\t\t\t\t\t\t\t\t\t\t<svg xmlns=\"https:\/\/www.w3.org\/2000\/svg\" viewBox= \"0 0 320 512\" role=\"graphics-symbol\" aria-hidden=\"false\" aria-label=\"\"><path d=\"M96 480c-8.188 0-16.38-3.125-22.62-9.375c-12.5-12.5-12.5-32.75 0-45.25L242.8 256L73.38 86.63c-12.5-12.5-12.5-32.75 0-45.25s32.75-12.5 45.25 0l192 192c12.5 12.5 12.5 32.75 0 45.25l-192 192C112.4 476.9 104.2 480 96 480z\"><\/path><\/svg>\n\t\t\t\t\t\t\t\t\t<\/span>\n\t\t\t\t\t\t\t<\/div>\n\t\t\t\n\n\n<div class=\"wp-block-uagb-container uagb-block-4e905271\">\n<div class=\"wp-block-uagb-info-box uagb-block-e4835e24 uagb-infobox__content-wrap  uagb-infobox-icon-above-title uagb-infobox-image-valign-top\"><div class=\"uagb-ifb-content\"><div class=\"uagb-ifb-title-wrap\"><p class=\"uagb-ifb-title-prefix\">M\u00f6chten Sie mehr?<\/p><h2 class=\"uagb-ifb-title\">Kontaktieren Sie uns f\u00fcr weitere Informationen!<\/h2><\/div><p class=\"uagb-ifb-desc\">Erfahren Sie, wie CareBridge Ihnen helfen kann, die richtigen Talente f\u00fcr Ihr Team zu finden.<\/p><div class=\"uagb-ifb-button-wrapper wp-block-button\"><a href=\"\/contact\/\" class=\"uagb-infobox-cta-link wp-block-button__link\" target=\"_self\" rel=\"noopener noreferrer\" onclick=\"return true;\"><span class=\"uagb-inline-editing\">Jetzt starten<\/span><\/a><\/div><\/div><\/div>\n<\/div>\n<\/div><\/div>\n","protected":false},"excerpt":{"rendered":"<p>Ihre Br\u00fccke zu qualifizierten Talenten im Gesundheitswesen \u00dcber CareBridge &#8211; Ihre Partner im Gesundheitswesen CareBridge ist Ihr verl\u00e4sslicher Partner, der [&hellip;]<\/p>\n","protected":false},"author":1,"featured_media":0,"parent":0,"menu_order":0,"comment_status":"closed","ping_status":"closed","template":"","meta":{"_surecart_dashboard_logo_width":"180px","_surecart_dashboard_show_logo":true,"_surecart_dashboard_navigation_orders":true,"_surecart_dashboard_navigation_invoices":true,"_surecart_dashboard_navigation_subscriptions":true,"_surecart_dashboard_navigation_downloads":true,"_surecart_dashboard_navigation_billing":true,"_surecart_dashboard_navigation_account":true,"_uag_custom_page_level_css":"","site-sidebar-layout":"default","site-content-layout":"","ast-site-content-layout":"default","site-content-style":"default","site-sidebar-style":"default","ast-global-header-display":"","ast-banner-title-visibility":"","ast-main-header-display":"","ast-hfb-above-header-display":"","ast-hfb-below-header-display":"","ast-hfb-mobile-header-display":"","site-post-title":"disabled","ast-breadcrumbs-content":"","ast-featured-img":"","footer-sml-layout":"","ast-disable-related-posts":"","theme-transparent-header-meta":"enabled","adv-header-id-meta":"","stick-header-meta":"","header-above-stick-meta":"","header-main-stick-meta":"","header-below-stick-meta":"","astra-migrate-meta-layouts":"default","ast-page-background-enabled":"default","ast-page-background-meta":{"desktop":{"background-color":"var(--ast-global-color-4)","background-image":"","background-repeat":"repeat","background-position":"center center","background-size":"auto","background-attachment":"scroll","background-type":"","background-media":"","overlay-type":"","overlay-color":"","overlay-opacity":"","overlay-gradient":""},"tablet":{"background-color":"","background-image":"","background-repeat":"repeat","background-position":"center center","background-size":"auto","background-attachment":"scroll","background-type":"","background-media":"","overlay-type":"","overlay-color":"","overlay-opacity":"","overlay-gradient":""},"mobile":{"background-color":"","background-image":"","background-repeat":"repeat","background-position":"center center","background-size":"auto","background-attachment":"scroll","background-type":"","background-media":"","overlay-type":"","overlay-color":"","overlay-opacity":"","overlay-gradient":""}},"ast-content-background-meta":{"desktop":{"background-color":"var(--ast-global-color-5)","background-image":"","background-repeat":"repeat","background-position":"center center","background-size":"auto","background-attachment":"scroll","background-type":"","background-media":"","overlay-type":"","overlay-color":"","overlay-opacity":"","overlay-gradient":""},"tablet":{"background-color":"var(--ast-global-color-5)","background-image":"","background-repeat":"repeat","background-position":"center center","background-size":"auto","background-attachment":"scroll","background-type":"","background-media":"","overlay-type":"","overlay-color":"","overlay-opacity":"","overlay-gradient":""},"mobile":{"background-color":"var(--ast-global-color-5)","background-image":"","background-repeat":"repeat","background-position":"center center","background-size":"auto","background-attachment":"scroll","background-type":"","background-media":"","overlay-type":"","overlay-color":"","overlay-opacity":"","overlay-gradient":""}},"footnotes":""},"class_list":["post-290","page","type-page","status-publish","hentry"],"aioseo_notices":[],"uagb_featured_image_src":{"full":false,"thumbnail":false,"medium":false,"medium_large":false,"large":false,"1536x1536":false,"2048x2048":false,"trp-custom-language-flag":false,"woocommerce_thumbnail":false,"woocommerce_single":false,"woocommerce_gallery_thumbnail":false},"uagb_author_info":{"display_name":"admin","author_link":"https:\/\/mvc-carebridge.de\/de_de\/author\/admin\/"},"uagb_comment_info":0,"uagb_excerpt":"Ihre Br\u00fccke zu qualifizierten Talenten im Gesundheitswesen \u00dcber CareBridge &#8211; Ihre Partner im Gesundheitswesen CareBridge ist Ihr verl\u00e4sslicher Partner, der [&hellip;]","_links":{"self":[{"href":"https:\/\/mvc-carebridge.de\/de_de\/wp-json\/wp\/v2\/pages\/290","targetHints":{"allow":["GET"]}}],"collection":[{"href":"https:\/\/mvc-carebridge.de\/de_de\/wp-json\/wp\/v2\/pages"}],"about":[{"href":"https:\/\/mvc-carebridge.de\/de_de\/wp-json\/wp\/v2\/types\/page"}],"author":[{"embeddable":true,"href":"https:\/\/mvc-carebridge.de\/de_de\/wp-json\/wp\/v2\/users\/1"}],"replies":[{"embeddable":true,"href":"https:\/\/mvc-carebridge.de\/de_de\/wp-json\/wp\/v2\/comments?post=290"}],"version-history":[{"count":3,"href":"https:\/\/mvc-carebridge.de\/de_de\/wp-json\/wp\/v2\/pages\/290\/revisions"}],"predecessor-version":[{"id":809,"href":"https:\/\/mvc-carebridge.de\/de_de\/wp-json\/wp\/v2\/pages\/290\/revisions\/809"}],"wp:attachment":[{"href":"https:\/\/mvc-carebridge.de\/de_de\/wp-json\/wp\/v2\/media?parent=290"}],"curies":[{"name":"wp","href":"https:\/\/api.w.org\/{rel}","templated":true}]}}